{"id":13753,"date":"2025-05-08T15:04:43","date_gmt":"2025-05-08T13:04:43","guid":{"rendered":"https:\/\/www.angro.nl\/angro-30-jaar\/"},"modified":"2026-02-11T15:46:38","modified_gmt":"2026-02-11T14:46:38","slug":"angro-30-jaar","status":"publish","type":"page","link":"https:\/\/www.angro.nl\/fr\/angro-30-jaar\/","title":{"rendered":"Angro 30 jaar"},"content":{"rendered":"<p>Le 30 avril 2025, nous avons f\u00eat\u00e9 exactement 30\u202fans. Ce qui a commenc\u00e9 comme une boutique de chaussettes \u2019t Sokje dans un garage s\u2019est transform\u00e9 en grossiste international de bas, collants et accessoires de mode. Sans nos collaborateurs d\u00e9vou\u00e9s et nos fid\u00e8les partenaires commerciaux, cela n\u2019aurait jamais \u00e9t\u00e9 possible. Nous en sommes extr\u00eamement reconnaissants \u2014 et aussi un peu fiers. Et nous ne faisons que commencer. Avec cinq marques fortes et une collection de marques propres de premier plan, nous sommes pr\u00eats pour l\u2019avenir.<\/p>\n<p>&nbsp;<\/p>\n","protected":false},"excerpt":{"rendered":"<p>Le 30 avril 2025, nous avons f\u00eat\u00e9 exactement 30\u202fans. Ce qui a commenc\u00e9 comme une boutique de chaussettes \u2019t Sokje dans un garage s\u2019est transform\u00e9 en grossiste international de bas, collants et accessoires de mode. Sans nos collaborateurs d\u00e9vou\u00e9s et nos fid\u00e8les partenaires commerciaux, cela n\u2019aurait jamais \u00e9t\u00e9 possible. Nous en sommes extr\u00eamement reconnaissants \u2014&hellip; <a class=\"more-link\" href=\"https:\/\/www.angro.nl\/fr\/angro-30-jaar\/\">Poursuivre la lecture <span class=\"screen-reader-text\">Angro 30 jaar<\/span><\/a><\/p>\n","protected":false},"author":4,"featured_media":13584,"parent":0,"menu_order":0,"comment_status":"closed","ping_status":"closed","template":"templates\/overons_tpl.php","meta":{"_acf_changed":false,"inline_featured_image":false,"footnotes":""},"class_list":["post-13753","page","type-page","status-publish","has-post-thumbnail","hentry","entry"],"acf":[],"yoast_head":"<!-- This site is optimized with the Yoast SEO plugin v27.3 - https:\/\/yoast.com\/product\/yoast-seo-wordpress\/ -->\n<title>Angro 30 jaar - Angro B.V.<\/title>\n<meta name=\"robots\" content=\"index, follow, max-snippet:-1, max-image-preview:large, max-video-preview:-1\" \/>\n<link rel=\"canonical\" href=\"https:\/\/www.angro.nl\/fr\/angro-30-jaar\/\" \/>\n<meta property=\"og:locale\" content=\"fr_FR\" \/>\n<meta property=\"og:type\" content=\"article\" \/>\n<meta property=\"og:title\" content=\"Angro 30 jaar - Angro B.V.\" \/>\n<meta property=\"og:description\" content=\"Le 30 avril 2025, nous avons f\u00eat\u00e9 exactement 30\u202fans. Ce qui a commenc\u00e9 comme une boutique de chaussettes \u2019t Sokje dans un garage s\u2019est transform\u00e9 en grossiste international de bas, collants et accessoires de mode. Sans nos collaborateurs d\u00e9vou\u00e9s et nos fid\u00e8les partenaires commerciaux, cela n\u2019aurait jamais \u00e9t\u00e9 possible. Nous en sommes extr\u00eamement reconnaissants \u2014&hellip; Poursuivre la lecture Angro 30 jaar\" \/>\n<meta property=\"og:url\" content=\"https:\/\/www.angro.nl\/fr\/angro-30-jaar\/\" \/>\n<meta property=\"og:site_name\" content=\"Angro B.V.\" \/>\n<meta property=\"article:modified_time\" content=\"2026-02-11T14:46:38+00:00\" \/>\n<meta property=\"og:image\" content=\"https:\/\/www.angro.nl\/wp-content\/uploads\/2025\/05\/header-angro-30-years.jpg\" \/>\n\t<meta property=\"og:image:width\" content=\"1900\" \/>\n\t<meta property=\"og:image:height\" content=\"533\" \/>\n\t<meta property=\"og:image:type\" content=\"image\/jpeg\" \/>\n<meta name=\"twitter:card\" content=\"summary_large_image\" \/>\n<script type=\"application\/ld+json\" class=\"yoast-schema-graph\">{\"@context\":\"https:\\\/\\\/schema.org\",\"@graph\":[{\"@type\":\"WebPage\",\"@id\":\"https:\\\/\\\/www.angro.nl\\\/fr\\\/angro-30-jaar\\\/\",\"url\":\"https:\\\/\\\/www.angro.nl\\\/fr\\\/angro-30-jaar\\\/\",\"name\":\"Angro 30 jaar - Angro B.V.\",\"isPartOf\":{\"@id\":\"https:\\\/\\\/www.angro.nl\\\/#website\"},\"primaryImageOfPage\":{\"@id\":\"https:\\\/\\\/www.angro.nl\\\/fr\\\/angro-30-jaar\\\/#primaryimage\"},\"image\":{\"@id\":\"https:\\\/\\\/www.angro.nl\\\/fr\\\/angro-30-jaar\\\/#primaryimage\"},\"thumbnailUrl\":\"https:\\\/\\\/www.angro.nl\\\/wp-content\\\/uploads\\\/2025\\\/05\\\/header-angro-30-years.jpg\",\"datePublished\":\"2025-05-08T13:04:43+00:00\",\"dateModified\":\"2026-02-11T14:46:38+00:00\",\"breadcrumb\":{\"@id\":\"https:\\\/\\\/www.angro.nl\\\/fr\\\/angro-30-jaar\\\/#breadcrumb\"},\"inLanguage\":\"fr-FR\",\"potentialAction\":[{\"@type\":\"ReadAction\",\"target\":[\"https:\\\/\\\/www.angro.nl\\\/fr\\\/angro-30-jaar\\\/\"]}]},{\"@type\":\"ImageObject\",\"inLanguage\":\"fr-FR\",\"@id\":\"https:\\\/\\\/www.angro.nl\\\/fr\\\/angro-30-jaar\\\/#primaryimage\",\"url\":\"https:\\\/\\\/www.angro.nl\\\/wp-content\\\/uploads\\\/2025\\\/05\\\/header-angro-30-years.jpg\",\"contentUrl\":\"https:\\\/\\\/www.angro.nl\\\/wp-content\\\/uploads\\\/2025\\\/05\\\/header-angro-30-years.jpg\",\"width\":1900,\"height\":533},{\"@type\":\"BreadcrumbList\",\"@id\":\"https:\\\/\\\/www.angro.nl\\\/fr\\\/angro-30-jaar\\\/#breadcrumb\",\"itemListElement\":[{\"@type\":\"ListItem\",\"position\":1,\"name\":\"Home\",\"item\":\"https:\\\/\\\/www.angro.nl\\\/fr\\\/\"},{\"@type\":\"ListItem\",\"position\":2,\"name\":\"Angro 30 jaar\"}]},{\"@type\":\"WebSite\",\"@id\":\"https:\\\/\\\/www.angro.nl\\\/#website\",\"url\":\"https:\\\/\\\/www.angro.nl\\\/\",\"name\":\"Angro\",\"description\":\"More than socks\",\"publisher\":{\"@id\":\"https:\\\/\\\/www.angro.nl\\\/#organization\"},\"alternateName\":\"More than socks\",\"potentialAction\":[{\"@type\":\"SearchAction\",\"target\":{\"@type\":\"EntryPoint\",\"urlTemplate\":\"https:\\\/\\\/www.angro.nl\\\/?s={search_term_string}\"},\"query-input\":{\"@type\":\"PropertyValueSpecification\",\"valueRequired\":true,\"valueName\":\"search_term_string\"}}],\"inLanguage\":\"fr-FR\"},{\"@type\":\"Organization\",\"@id\":\"https:\\\/\\\/www.angro.nl\\\/#organization\",\"name\":\"Angro\",\"alternateName\":\"More than socks\",\"url\":\"https:\\\/\\\/www.angro.nl\\\/\",\"logo\":{\"@type\":\"ImageObject\",\"inLanguage\":\"fr-FR\",\"@id\":\"https:\\\/\\\/www.angro.nl\\\/#\\\/schema\\\/logo\\\/image\\\/\",\"url\":\"https:\\\/\\\/www.angro.nl\\\/wp-content\\\/uploads\\\/2024\\\/03\\\/Logo-ANGRO-e1711621827869.jpg\",\"contentUrl\":\"https:\\\/\\\/www.angro.nl\\\/wp-content\\\/uploads\\\/2024\\\/03\\\/Logo-ANGRO-e1711621827869.jpg\",\"width\":235,\"height\":188,\"caption\":\"Angro\"},\"image\":{\"@id\":\"https:\\\/\\\/www.angro.nl\\\/#\\\/schema\\\/logo\\\/image\\\/\"}}]}<\/script>\n<!-- \/ Yoast SEO plugin. -->","yoast_head_json":{"title":"Angro 30 jaar - Angro B.V.","robots":{"index":"index","follow":"follow","max-snippet":"max-snippet:-1","max-image-preview":"max-image-preview:large","max-video-preview":"max-video-preview:-1"},"canonical":"https:\/\/www.angro.nl\/fr\/angro-30-jaar\/","og_locale":"fr_FR","og_type":"article","og_title":"Angro 30 jaar - Angro B.V.","og_description":"Le 30 avril 2025, nous avons f\u00eat\u00e9 exactement 30\u202fans. Ce qui a commenc\u00e9 comme une boutique de chaussettes \u2019t Sokje dans un garage s\u2019est transform\u00e9 en grossiste international de bas, collants et accessoires de mode. Sans nos collaborateurs d\u00e9vou\u00e9s et nos fid\u00e8les partenaires commerciaux, cela n\u2019aurait jamais \u00e9t\u00e9 possible. Nous en sommes extr\u00eamement reconnaissants \u2014&hellip; Poursuivre la lecture Angro 30 jaar","og_url":"https:\/\/www.angro.nl\/fr\/angro-30-jaar\/","og_site_name":"Angro B.V.","article_modified_time":"2026-02-11T14:46:38+00:00","og_image":[{"width":1900,"height":533,"url":"https:\/\/www.angro.nl\/wp-content\/uploads\/2025\/05\/header-angro-30-years.jpg","type":"image\/jpeg"}],"twitter_card":"summary_large_image","schema":{"@context":"https:\/\/schema.org","@graph":[{"@type":"WebPage","@id":"https:\/\/www.angro.nl\/fr\/angro-30-jaar\/","url":"https:\/\/www.angro.nl\/fr\/angro-30-jaar\/","name":"Angro 30 jaar - Angro B.V.","isPartOf":{"@id":"https:\/\/www.angro.nl\/#website"},"primaryImageOfPage":{"@id":"https:\/\/www.angro.nl\/fr\/angro-30-jaar\/#primaryimage"},"image":{"@id":"https:\/\/www.angro.nl\/fr\/angro-30-jaar\/#primaryimage"},"thumbnailUrl":"https:\/\/www.angro.nl\/wp-content\/uploads\/2025\/05\/header-angro-30-years.jpg","datePublished":"2025-05-08T13:04:43+00:00","dateModified":"2026-02-11T14:46:38+00:00","breadcrumb":{"@id":"https:\/\/www.angro.nl\/fr\/angro-30-jaar\/#breadcrumb"},"inLanguage":"fr-FR","potentialAction":[{"@type":"ReadAction","target":["https:\/\/www.angro.nl\/fr\/angro-30-jaar\/"]}]},{"@type":"ImageObject","inLanguage":"fr-FR","@id":"https:\/\/www.angro.nl\/fr\/angro-30-jaar\/#primaryimage","url":"https:\/\/www.angro.nl\/wp-content\/uploads\/2025\/05\/header-angro-30-years.jpg","contentUrl":"https:\/\/www.angro.nl\/wp-content\/uploads\/2025\/05\/header-angro-30-years.jpg","width":1900,"height":533},{"@type":"BreadcrumbList","@id":"https:\/\/www.angro.nl\/fr\/angro-30-jaar\/#breadcrumb","itemListElement":[{"@type":"ListItem","position":1,"name":"Home","item":"https:\/\/www.angro.nl\/fr\/"},{"@type":"ListItem","position":2,"name":"Angro 30 jaar"}]},{"@type":"WebSite","@id":"https:\/\/www.angro.nl\/#website","url":"https:\/\/www.angro.nl\/","name":"Angro","description":"More than socks","publisher":{"@id":"https:\/\/www.angro.nl\/#organization"},"alternateName":"More than socks","potentialAction":[{"@type":"SearchAction","target":{"@type":"EntryPoint","urlTemplate":"https:\/\/www.angro.nl\/?s={search_term_string}"},"query-input":{"@type":"PropertyValueSpecification","valueRequired":true,"valueName":"search_term_string"}}],"inLanguage":"fr-FR"},{"@type":"Organization","@id":"https:\/\/www.angro.nl\/#organization","name":"Angro","alternateName":"More than socks","url":"https:\/\/www.angro.nl\/","logo":{"@type":"ImageObject","inLanguage":"fr-FR","@id":"https:\/\/www.angro.nl\/#\/schema\/logo\/image\/","url":"https:\/\/www.angro.nl\/wp-content\/uploads\/2024\/03\/Logo-ANGRO-e1711621827869.jpg","contentUrl":"https:\/\/www.angro.nl\/wp-content\/uploads\/2024\/03\/Logo-ANGRO-e1711621827869.jpg","width":235,"height":188,"caption":"Angro"},"image":{"@id":"https:\/\/www.angro.nl\/#\/schema\/logo\/image\/"}}]}},"_links":{"self":[{"href":"https:\/\/www.angro.nl\/fr\/wp-json\/wp\/v2\/pages\/13753","targetHints":{"allow":["GET"]}}],"collection":[{"href":"https:\/\/www.angro.nl\/fr\/wp-json\/wp\/v2\/pages"}],"about":[{"href":"https:\/\/www.angro.nl\/fr\/wp-json\/wp\/v2\/types\/page"}],"author":[{"embeddable":true,"href":"https:\/\/www.angro.nl\/fr\/wp-json\/wp\/v2\/users\/4"}],"replies":[{"embeddable":true,"href":"https:\/\/www.angro.nl\/fr\/wp-json\/wp\/v2\/comments?post=13753"}],"version-history":[{"count":13,"href":"https:\/\/www.angro.nl\/fr\/wp-json\/wp\/v2\/pages\/13753\/revisions"}],"predecessor-version":[{"id":14132,"href":"https:\/\/www.angro.nl\/fr\/wp-json\/wp\/v2\/pages\/13753\/revisions\/14132"}],"wp:featuredmedia":[{"embeddable":true,"href":"https:\/\/www.angro.nl\/fr\/wp-json\/wp\/v2\/media\/13584"}],"wp:attachment":[{"href":"https:\/\/www.angro.nl\/fr\/wp-json\/wp\/v2\/media?parent=13753"}],"curies":[{"name":"wp","href":"https:\/\/api.w.org\/{rel}","templated":true}]}}