{"id":1067,"date":"2021-05-07T04:13:44","date_gmt":"2021-05-07T04:13:44","guid":{"rendered":"http:\/\/angrosocks.hashtagconcepts.com\/onze-merken\/"},"modified":"2023-11-23T09:42:48","modified_gmt":"2023-11-23T08:42:48","slug":"merken","status":"publish","type":"page","link":"https:\/\/www.angro.nl\/fr\/merken\/","title":{"rendered":"marques"},"content":{"rendered":"<p>Nous aidons les d\u00e9taillants nationaux et internationaux en d\u00e9veloppant, produisant et commercialisant une collection r\u00e9ussie de chaussants et d&rsquo;accessoires. En collaboration avec nos clients, nous d\u00e9cidons des marques et des collections covenants au mieux \u00e0 leur groupe cible dans le but d\u2019une satisfaction en nos produits, une adh\u00e9sion \u00e0 nos marques des potentiels consommateurs.<\/p>\n","protected":false},"excerpt":{"rendered":"<p>Nous aidons les d\u00e9taillants nationaux et internationaux en d\u00e9veloppant, produisant et commercialisant une collection r\u00e9ussie de chaussants et d&rsquo;accessoires. En collaboration avec nos clients, nous d\u00e9cidons des marques et des collections covenants au mieux \u00e0 leur groupe cible dans le but d\u2019une satisfaction en nos produits, une adh\u00e9sion \u00e0 nos marques des potentiels consommateurs.<\/p>\n","protected":false},"author":2,"featured_media":1851,"parent":0,"menu_order":0,"comment_status":"closed","ping_status":"closed","template":"templates\/onze_merken_tpl.php","meta":{"_acf_changed":false,"inline_featured_image":false,"footnotes":""},"class_list":["post-1067","page","type-page","status-publish","has-post-thumbnail","hentry","entry"],"acf":[],"yoast_head":"<!-- This site is optimized with the Yoast SEO plugin v27.3 - https:\/\/yoast.com\/product\/yoast-seo-wordpress\/ -->\n<title>marques - Angro B.V.<\/title>\n<meta name=\"robots\" content=\"index, follow, max-snippet:-1, max-image-preview:large, max-video-preview:-1\" \/>\n<link rel=\"canonical\" href=\"https:\/\/www.angro.nl\/fr\/merken\/\" \/>\n<meta property=\"og:locale\" content=\"fr_FR\" \/>\n<meta property=\"og:type\" content=\"article\" \/>\n<meta property=\"og:title\" content=\"marques - Angro B.V.\" \/>\n<meta property=\"og:description\" content=\"Nous aidons les d\u00e9taillants nationaux et internationaux en d\u00e9veloppant, produisant et commercialisant une collection r\u00e9ussie de chaussants et d&rsquo;accessoires. En collaboration avec nos clients, nous d\u00e9cidons des marques et des collections covenants au mieux \u00e0 leur groupe cible dans le but d\u2019une satisfaction en nos produits, une adh\u00e9sion \u00e0 nos marques des potentiels consommateurs.\" \/>\n<meta property=\"og:url\" content=\"https:\/\/www.angro.nl\/fr\/merken\/\" \/>\n<meta property=\"og:site_name\" content=\"Angro B.V.\" \/>\n<meta property=\"article:modified_time\" content=\"2023-11-23T08:42:48+00:00\" \/>\n<meta property=\"og:image\" content=\"https:\/\/www.angro.nl\/wp-content\/uploads\/2021\/06\/headerbeelden-doorklikpaginas-2560x400-150DPI6-scaled.jpg\" \/>\n\t<meta property=\"og:image:width\" content=\"2560\" \/>\n\t<meta property=\"og:image:height\" content=\"400\" \/>\n\t<meta property=\"og:image:type\" content=\"image\/jpeg\" \/>\n<meta name=\"twitter:card\" content=\"summary_large_image\" \/>\n<script type=\"application\/ld+json\" class=\"yoast-schema-graph\">{\"@context\":\"https:\\\/\\\/schema.org\",\"@graph\":[{\"@type\":\"WebPage\",\"@id\":\"https:\\\/\\\/www.angro.nl\\\/fr\\\/merken\\\/\",\"url\":\"https:\\\/\\\/www.angro.nl\\\/fr\\\/merken\\\/\",\"name\":\"marques - Angro B.V.\",\"isPartOf\":{\"@id\":\"https:\\\/\\\/www.angro.nl\\\/#website\"},\"primaryImageOfPage\":{\"@id\":\"https:\\\/\\\/www.angro.nl\\\/fr\\\/merken\\\/#primaryimage\"},\"image\":{\"@id\":\"https:\\\/\\\/www.angro.nl\\\/fr\\\/merken\\\/#primaryimage\"},\"thumbnailUrl\":\"https:\\\/\\\/www.angro.nl\\\/wp-content\\\/uploads\\\/2021\\\/06\\\/headerbeelden-doorklikpaginas-2560x400-150DPI6-scaled.jpg\",\"datePublished\":\"2021-05-07T04:13:44+00:00\",\"dateModified\":\"2023-11-23T08:42:48+00:00\",\"breadcrumb\":{\"@id\":\"https:\\\/\\\/www.angro.nl\\\/fr\\\/merken\\\/#breadcrumb\"},\"inLanguage\":\"fr-FR\",\"potentialAction\":[{\"@type\":\"ReadAction\",\"target\":[\"https:\\\/\\\/www.angro.nl\\\/fr\\\/merken\\\/\"]}]},{\"@type\":\"ImageObject\",\"inLanguage\":\"fr-FR\",\"@id\":\"https:\\\/\\\/www.angro.nl\\\/fr\\\/merken\\\/#primaryimage\",\"url\":\"https:\\\/\\\/www.angro.nl\\\/wp-content\\\/uploads\\\/2021\\\/06\\\/headerbeelden-doorklikpaginas-2560x400-150DPI6-scaled.jpg\",\"contentUrl\":\"https:\\\/\\\/www.angro.nl\\\/wp-content\\\/uploads\\\/2021\\\/06\\\/headerbeelden-doorklikpaginas-2560x400-150DPI6-scaled.jpg\",\"width\":2560,\"height\":400},{\"@type\":\"BreadcrumbList\",\"@id\":\"https:\\\/\\\/www.angro.nl\\\/fr\\\/merken\\\/#breadcrumb\",\"itemListElement\":[{\"@type\":\"ListItem\",\"position\":1,\"name\":\"Home\",\"item\":\"https:\\\/\\\/www.angro.nl\\\/fr\\\/\"},{\"@type\":\"ListItem\",\"position\":2,\"name\":\"marques\"}]},{\"@type\":\"WebSite\",\"@id\":\"https:\\\/\\\/www.angro.nl\\\/#website\",\"url\":\"https:\\\/\\\/www.angro.nl\\\/\",\"name\":\"Angro\",\"description\":\"More than socks\",\"publisher\":{\"@id\":\"https:\\\/\\\/www.angro.nl\\\/#organization\"},\"alternateName\":\"More than socks\",\"potentialAction\":[{\"@type\":\"SearchAction\",\"target\":{\"@type\":\"EntryPoint\",\"urlTemplate\":\"https:\\\/\\\/www.angro.nl\\\/?s={search_term_string}\"},\"query-input\":{\"@type\":\"PropertyValueSpecification\",\"valueRequired\":true,\"valueName\":\"search_term_string\"}}],\"inLanguage\":\"fr-FR\"},{\"@type\":\"Organization\",\"@id\":\"https:\\\/\\\/www.angro.nl\\\/#organization\",\"name\":\"Angro\",\"alternateName\":\"More than socks\",\"url\":\"https:\\\/\\\/www.angro.nl\\\/\",\"logo\":{\"@type\":\"ImageObject\",\"inLanguage\":\"fr-FR\",\"@id\":\"https:\\\/\\\/www.angro.nl\\\/#\\\/schema\\\/logo\\\/image\\\/\",\"url\":\"https:\\\/\\\/www.angro.nl\\\/wp-content\\\/uploads\\\/2024\\\/03\\\/Logo-ANGRO-e1711621827869.jpg\",\"contentUrl\":\"https:\\\/\\\/www.angro.nl\\\/wp-content\\\/uploads\\\/2024\\\/03\\\/Logo-ANGRO-e1711621827869.jpg\",\"width\":235,\"height\":188,\"caption\":\"Angro\"},\"image\":{\"@id\":\"https:\\\/\\\/www.angro.nl\\\/#\\\/schema\\\/logo\\\/image\\\/\"}}]}<\/script>\n<!-- \/ Yoast SEO plugin. -->","yoast_head_json":{"title":"marques - Angro B.V.","robots":{"index":"index","follow":"follow","max-snippet":"max-snippet:-1","max-image-preview":"max-image-preview:large","max-video-preview":"max-video-preview:-1"},"canonical":"https:\/\/www.angro.nl\/fr\/merken\/","og_locale":"fr_FR","og_type":"article","og_title":"marques - Angro B.V.","og_description":"Nous aidons les d\u00e9taillants nationaux et internationaux en d\u00e9veloppant, produisant et commercialisant une collection r\u00e9ussie de chaussants et d&rsquo;accessoires. En collaboration avec nos clients, nous d\u00e9cidons des marques et des collections covenants au mieux \u00e0 leur groupe cible dans le but d\u2019une satisfaction en nos produits, une adh\u00e9sion \u00e0 nos marques des potentiels consommateurs.","og_url":"https:\/\/www.angro.nl\/fr\/merken\/","og_site_name":"Angro B.V.","article_modified_time":"2023-11-23T08:42:48+00:00","og_image":[{"width":2560,"height":400,"url":"https:\/\/www.angro.nl\/wp-content\/uploads\/2021\/06\/headerbeelden-doorklikpaginas-2560x400-150DPI6-scaled.jpg","type":"image\/jpeg"}],"twitter_card":"summary_large_image","schema":{"@context":"https:\/\/schema.org","@graph":[{"@type":"WebPage","@id":"https:\/\/www.angro.nl\/fr\/merken\/","url":"https:\/\/www.angro.nl\/fr\/merken\/","name":"marques - Angro B.V.","isPartOf":{"@id":"https:\/\/www.angro.nl\/#website"},"primaryImageOfPage":{"@id":"https:\/\/www.angro.nl\/fr\/merken\/#primaryimage"},"image":{"@id":"https:\/\/www.angro.nl\/fr\/merken\/#primaryimage"},"thumbnailUrl":"https:\/\/www.angro.nl\/wp-content\/uploads\/2021\/06\/headerbeelden-doorklikpaginas-2560x400-150DPI6-scaled.jpg","datePublished":"2021-05-07T04:13:44+00:00","dateModified":"2023-11-23T08:42:48+00:00","breadcrumb":{"@id":"https:\/\/www.angro.nl\/fr\/merken\/#breadcrumb"},"inLanguage":"fr-FR","potentialAction":[{"@type":"ReadAction","target":["https:\/\/www.angro.nl\/fr\/merken\/"]}]},{"@type":"ImageObject","inLanguage":"fr-FR","@id":"https:\/\/www.angro.nl\/fr\/merken\/#primaryimage","url":"https:\/\/www.angro.nl\/wp-content\/uploads\/2021\/06\/headerbeelden-doorklikpaginas-2560x400-150DPI6-scaled.jpg","contentUrl":"https:\/\/www.angro.nl\/wp-content\/uploads\/2021\/06\/headerbeelden-doorklikpaginas-2560x400-150DPI6-scaled.jpg","width":2560,"height":400},{"@type":"BreadcrumbList","@id":"https:\/\/www.angro.nl\/fr\/merken\/#breadcrumb","itemListElement":[{"@type":"ListItem","position":1,"name":"Home","item":"https:\/\/www.angro.nl\/fr\/"},{"@type":"ListItem","position":2,"name":"marques"}]},{"@type":"WebSite","@id":"https:\/\/www.angro.nl\/#website","url":"https:\/\/www.angro.nl\/","name":"Angro","description":"More than socks","publisher":{"@id":"https:\/\/www.angro.nl\/#organization"},"alternateName":"More than socks","potentialAction":[{"@type":"SearchAction","target":{"@type":"EntryPoint","urlTemplate":"https:\/\/www.angro.nl\/?s={search_term_string}"},"query-input":{"@type":"PropertyValueSpecification","valueRequired":true,"valueName":"search_term_string"}}],"inLanguage":"fr-FR"},{"@type":"Organization","@id":"https:\/\/www.angro.nl\/#organization","name":"Angro","alternateName":"More than socks","url":"https:\/\/www.angro.nl\/","logo":{"@type":"ImageObject","inLanguage":"fr-FR","@id":"https:\/\/www.angro.nl\/#\/schema\/logo\/image\/","url":"https:\/\/www.angro.nl\/wp-content\/uploads\/2024\/03\/Logo-ANGRO-e1711621827869.jpg","contentUrl":"https:\/\/www.angro.nl\/wp-content\/uploads\/2024\/03\/Logo-ANGRO-e1711621827869.jpg","width":235,"height":188,"caption":"Angro"},"image":{"@id":"https:\/\/www.angro.nl\/#\/schema\/logo\/image\/"}}]}},"_links":{"self":[{"href":"https:\/\/www.angro.nl\/fr\/wp-json\/wp\/v2\/pages\/1067","targetHints":{"allow":["GET"]}}],"collection":[{"href":"https:\/\/www.angro.nl\/fr\/wp-json\/wp\/v2\/pages"}],"about":[{"href":"https:\/\/www.angro.nl\/fr\/wp-json\/wp\/v2\/types\/page"}],"author":[{"embeddable":true,"href":"https:\/\/www.angro.nl\/fr\/wp-json\/wp\/v2\/users\/2"}],"replies":[{"embeddable":true,"href":"https:\/\/www.angro.nl\/fr\/wp-json\/wp\/v2\/comments?post=1067"}],"version-history":[{"count":16,"href":"https:\/\/www.angro.nl\/fr\/wp-json\/wp\/v2\/pages\/1067\/revisions"}],"predecessor-version":[{"id":9442,"href":"https:\/\/www.angro.nl\/fr\/wp-json\/wp\/v2\/pages\/1067\/revisions\/9442"}],"wp:featuredmedia":[{"embeddable":true,"href":"https:\/\/www.angro.nl\/fr\/wp-json\/wp\/v2\/media\/1851"}],"wp:attachment":[{"href":"https:\/\/www.angro.nl\/fr\/wp-json\/wp\/v2\/media?parent=1067"}],"curies":[{"name":"wp","href":"https:\/\/api.w.org\/{rel}","templated":true}]}}