{"id":1051,"date":"2021-05-07T04:13:33","date_gmt":"2021-05-07T04:13:33","guid":{"rendered":"http:\/\/angrosocks.hashtagconcepts.com\/over-ons\/"},"modified":"2025-01-06T12:43:47","modified_gmt":"2025-01-06T11:43:47","slug":"over-ons","status":"publish","type":"page","link":"https:\/\/www.angro.nl\/fr\/over-ons\/","title":{"rendered":"\u00e0 propos de nous"},"content":{"rendered":"<p>Angro est une entreprise familiale prosp\u00e8re fond\u00e9e en 1995. Nous sommes une entreprise commerciale de conception et de production qui assiste les d\u00e9taillants dans le d\u00e9veloppement, la production et la commercialisation de collections personnalis\u00e9es d\u2019articles pour les jambes et accessoires. A partir de Schijndel, aux Pays-Bas, nous proposons un large assortiment de produits qui trouvent leur chemin vers les consommateurs de divers pays europ\u00e9ens. Nous disposons d\u2019un r\u00e9seau s\u00e9lectif de fabricants et importons ces produits. Nous livrons des articles sur mesure et des collections de marque propre et sous label priv\u00e9 \u00e0 un grand nombre de clients, tels que des d\u00e9taillants individuels, des grands magasins, des chaines et des boutiques en ligne.<\/p>\n","protected":false},"excerpt":{"rendered":"<p>Angro est une entreprise familiale prosp\u00e8re fond\u00e9e en 1995. Nous sommes une entreprise commerciale de conception et de production qui assiste les d\u00e9taillants dans le d\u00e9veloppement, la production et la commercialisation de collections personnalis\u00e9es d\u2019articles pour les jambes et accessoires. A partir de Schijndel, aux Pays-Bas, nous proposons un large assortiment de produits qui trouvent&hellip; <a class=\"more-link\" href=\"https:\/\/www.angro.nl\/fr\/over-ons\/\">Poursuivre la lecture <span class=\"screen-reader-text\">\u00e0 propos de nous<\/span><\/a><\/p>\n","protected":false},"author":2,"featured_media":12998,"parent":0,"menu_order":0,"comment_status":"closed","ping_status":"closed","template":"templates\/overons_tpl.php","meta":{"_acf_changed":false,"inline_featured_image":false,"footnotes":""},"class_list":["post-1051","page","type-page","status-publish","has-post-thumbnail","hentry","entry"],"acf":[],"yoast_head":"<!-- This site is optimized with the Yoast SEO plugin v27.3 - https:\/\/yoast.com\/product\/yoast-seo-wordpress\/ -->\n<title>\u00e0 propos de nous - Angro B.V.<\/title>\n<meta name=\"robots\" content=\"index, follow, max-snippet:-1, max-image-preview:large, max-video-preview:-1\" \/>\n<link rel=\"canonical\" href=\"https:\/\/www.angro.nl\/fr\/over-ons\/\" \/>\n<meta property=\"og:locale\" content=\"fr_FR\" \/>\n<meta property=\"og:type\" content=\"article\" \/>\n<meta property=\"og:title\" content=\"\u00e0 propos de nous - Angro B.V.\" \/>\n<meta property=\"og:description\" content=\"Angro est une entreprise familiale prosp\u00e8re fond\u00e9e en 1995. Nous sommes une entreprise commerciale de conception et de production qui assiste les d\u00e9taillants dans le d\u00e9veloppement, la production et la commercialisation de collections personnalis\u00e9es d\u2019articles pour les jambes et accessoires. A partir de Schijndel, aux Pays-Bas, nous proposons un large assortiment de produits qui trouvent&hellip; Poursuivre la lecture \u00e0 propos de nous\" \/>\n<meta property=\"og:url\" content=\"https:\/\/www.angro.nl\/fr\/over-ons\/\" \/>\n<meta property=\"og:site_name\" content=\"Angro B.V.\" \/>\n<meta property=\"article:modified_time\" content=\"2025-01-06T11:43:47+00:00\" \/>\n<meta property=\"og:image\" content=\"https:\/\/www.angro.nl\/wp-content\/uploads\/2025\/01\/2O1A1198-scaled-e1735892924101.jpg\" \/>\n\t<meta property=\"og:image:width\" content=\"2560\" \/>\n\t<meta property=\"og:image:height\" content=\"1708\" \/>\n\t<meta property=\"og:image:type\" content=\"image\/jpeg\" \/>\n<meta name=\"twitter:card\" content=\"summary_large_image\" \/>\n<meta name=\"twitter:label1\" content=\"Dur\u00e9e de lecture estim\u00e9e\" \/>\n\t<meta name=\"twitter:data1\" content=\"1 minute\" \/>\n<script type=\"application\/ld+json\" class=\"yoast-schema-graph\">{\"@context\":\"https:\\\/\\\/schema.org\",\"@graph\":[{\"@type\":\"WebPage\",\"@id\":\"https:\\\/\\\/www.angro.nl\\\/fr\\\/over-ons\\\/\",\"url\":\"https:\\\/\\\/www.angro.nl\\\/fr\\\/over-ons\\\/\",\"name\":\"\u00e0 propos de nous - Angro B.V.\",\"isPartOf\":{\"@id\":\"https:\\\/\\\/www.angro.nl\\\/#website\"},\"primaryImageOfPage\":{\"@id\":\"https:\\\/\\\/www.angro.nl\\\/fr\\\/over-ons\\\/#primaryimage\"},\"image\":{\"@id\":\"https:\\\/\\\/www.angro.nl\\\/fr\\\/over-ons\\\/#primaryimage\"},\"thumbnailUrl\":\"https:\\\/\\\/www.angro.nl\\\/wp-content\\\/uploads\\\/2025\\\/01\\\/2O1A1198-scaled-e1735892924101.jpg\",\"datePublished\":\"2021-05-07T04:13:33+00:00\",\"dateModified\":\"2025-01-06T11:43:47+00:00\",\"breadcrumb\":{\"@id\":\"https:\\\/\\\/www.angro.nl\\\/fr\\\/over-ons\\\/#breadcrumb\"},\"inLanguage\":\"fr-FR\",\"potentialAction\":[{\"@type\":\"ReadAction\",\"target\":[\"https:\\\/\\\/www.angro.nl\\\/fr\\\/over-ons\\\/\"]}]},{\"@type\":\"ImageObject\",\"inLanguage\":\"fr-FR\",\"@id\":\"https:\\\/\\\/www.angro.nl\\\/fr\\\/over-ons\\\/#primaryimage\",\"url\":\"https:\\\/\\\/www.angro.nl\\\/wp-content\\\/uploads\\\/2025\\\/01\\\/2O1A1198-scaled-e1735892924101.jpg\",\"contentUrl\":\"https:\\\/\\\/www.angro.nl\\\/wp-content\\\/uploads\\\/2025\\\/01\\\/2O1A1198-scaled-e1735892924101.jpg\",\"width\":2560,\"height\":1708},{\"@type\":\"BreadcrumbList\",\"@id\":\"https:\\\/\\\/www.angro.nl\\\/fr\\\/over-ons\\\/#breadcrumb\",\"itemListElement\":[{\"@type\":\"ListItem\",\"position\":1,\"name\":\"Home\",\"item\":\"https:\\\/\\\/www.angro.nl\\\/fr\\\/\"},{\"@type\":\"ListItem\",\"position\":2,\"name\":\"\u00e0 propos de nous\"}]},{\"@type\":\"WebSite\",\"@id\":\"https:\\\/\\\/www.angro.nl\\\/#website\",\"url\":\"https:\\\/\\\/www.angro.nl\\\/\",\"name\":\"Angro\",\"description\":\"More than socks\",\"publisher\":{\"@id\":\"https:\\\/\\\/www.angro.nl\\\/#organization\"},\"alternateName\":\"More than socks\",\"potentialAction\":[{\"@type\":\"SearchAction\",\"target\":{\"@type\":\"EntryPoint\",\"urlTemplate\":\"https:\\\/\\\/www.angro.nl\\\/?s={search_term_string}\"},\"query-input\":{\"@type\":\"PropertyValueSpecification\",\"valueRequired\":true,\"valueName\":\"search_term_string\"}}],\"inLanguage\":\"fr-FR\"},{\"@type\":\"Organization\",\"@id\":\"https:\\\/\\\/www.angro.nl\\\/#organization\",\"name\":\"Angro\",\"alternateName\":\"More than socks\",\"url\":\"https:\\\/\\\/www.angro.nl\\\/\",\"logo\":{\"@type\":\"ImageObject\",\"inLanguage\":\"fr-FR\",\"@id\":\"https:\\\/\\\/www.angro.nl\\\/#\\\/schema\\\/logo\\\/image\\\/\",\"url\":\"https:\\\/\\\/www.angro.nl\\\/wp-content\\\/uploads\\\/2024\\\/03\\\/Logo-ANGRO-e1711621827869.jpg\",\"contentUrl\":\"https:\\\/\\\/www.angro.nl\\\/wp-content\\\/uploads\\\/2024\\\/03\\\/Logo-ANGRO-e1711621827869.jpg\",\"width\":235,\"height\":188,\"caption\":\"Angro\"},\"image\":{\"@id\":\"https:\\\/\\\/www.angro.nl\\\/#\\\/schema\\\/logo\\\/image\\\/\"}}]}<\/script>\n<!-- \/ Yoast SEO plugin. -->","yoast_head_json":{"title":"\u00e0 propos de nous - Angro B.V.","robots":{"index":"index","follow":"follow","max-snippet":"max-snippet:-1","max-image-preview":"max-image-preview:large","max-video-preview":"max-video-preview:-1"},"canonical":"https:\/\/www.angro.nl\/fr\/over-ons\/","og_locale":"fr_FR","og_type":"article","og_title":"\u00e0 propos de nous - Angro B.V.","og_description":"Angro est une entreprise familiale prosp\u00e8re fond\u00e9e en 1995. Nous sommes une entreprise commerciale de conception et de production qui assiste les d\u00e9taillants dans le d\u00e9veloppement, la production et la commercialisation de collections personnalis\u00e9es d\u2019articles pour les jambes et accessoires. A partir de Schijndel, aux Pays-Bas, nous proposons un large assortiment de produits qui trouvent&hellip; Poursuivre la lecture \u00e0 propos de nous","og_url":"https:\/\/www.angro.nl\/fr\/over-ons\/","og_site_name":"Angro B.V.","article_modified_time":"2025-01-06T11:43:47+00:00","og_image":[{"width":2560,"height":1708,"url":"https:\/\/www.angro.nl\/wp-content\/uploads\/2025\/01\/2O1A1198-scaled-e1735892924101.jpg","type":"image\/jpeg"}],"twitter_card":"summary_large_image","twitter_misc":{"Dur\u00e9e de lecture estim\u00e9e":"1 minute"},"schema":{"@context":"https:\/\/schema.org","@graph":[{"@type":"WebPage","@id":"https:\/\/www.angro.nl\/fr\/over-ons\/","url":"https:\/\/www.angro.nl\/fr\/over-ons\/","name":"\u00e0 propos de nous - Angro B.V.","isPartOf":{"@id":"https:\/\/www.angro.nl\/#website"},"primaryImageOfPage":{"@id":"https:\/\/www.angro.nl\/fr\/over-ons\/#primaryimage"},"image":{"@id":"https:\/\/www.angro.nl\/fr\/over-ons\/#primaryimage"},"thumbnailUrl":"https:\/\/www.angro.nl\/wp-content\/uploads\/2025\/01\/2O1A1198-scaled-e1735892924101.jpg","datePublished":"2021-05-07T04:13:33+00:00","dateModified":"2025-01-06T11:43:47+00:00","breadcrumb":{"@id":"https:\/\/www.angro.nl\/fr\/over-ons\/#breadcrumb"},"inLanguage":"fr-FR","potentialAction":[{"@type":"ReadAction","target":["https:\/\/www.angro.nl\/fr\/over-ons\/"]}]},{"@type":"ImageObject","inLanguage":"fr-FR","@id":"https:\/\/www.angro.nl\/fr\/over-ons\/#primaryimage","url":"https:\/\/www.angro.nl\/wp-content\/uploads\/2025\/01\/2O1A1198-scaled-e1735892924101.jpg","contentUrl":"https:\/\/www.angro.nl\/wp-content\/uploads\/2025\/01\/2O1A1198-scaled-e1735892924101.jpg","width":2560,"height":1708},{"@type":"BreadcrumbList","@id":"https:\/\/www.angro.nl\/fr\/over-ons\/#breadcrumb","itemListElement":[{"@type":"ListItem","position":1,"name":"Home","item":"https:\/\/www.angro.nl\/fr\/"},{"@type":"ListItem","position":2,"name":"\u00e0 propos de nous"}]},{"@type":"WebSite","@id":"https:\/\/www.angro.nl\/#website","url":"https:\/\/www.angro.nl\/","name":"Angro","description":"More than socks","publisher":{"@id":"https:\/\/www.angro.nl\/#organization"},"alternateName":"More than socks","potentialAction":[{"@type":"SearchAction","target":{"@type":"EntryPoint","urlTemplate":"https:\/\/www.angro.nl\/?s={search_term_string}"},"query-input":{"@type":"PropertyValueSpecification","valueRequired":true,"valueName":"search_term_string"}}],"inLanguage":"fr-FR"},{"@type":"Organization","@id":"https:\/\/www.angro.nl\/#organization","name":"Angro","alternateName":"More than socks","url":"https:\/\/www.angro.nl\/","logo":{"@type":"ImageObject","inLanguage":"fr-FR","@id":"https:\/\/www.angro.nl\/#\/schema\/logo\/image\/","url":"https:\/\/www.angro.nl\/wp-content\/uploads\/2024\/03\/Logo-ANGRO-e1711621827869.jpg","contentUrl":"https:\/\/www.angro.nl\/wp-content\/uploads\/2024\/03\/Logo-ANGRO-e1711621827869.jpg","width":235,"height":188,"caption":"Angro"},"image":{"@id":"https:\/\/www.angro.nl\/#\/schema\/logo\/image\/"}}]}},"_links":{"self":[{"href":"https:\/\/www.angro.nl\/fr\/wp-json\/wp\/v2\/pages\/1051","targetHints":{"allow":["GET"]}}],"collection":[{"href":"https:\/\/www.angro.nl\/fr\/wp-json\/wp\/v2\/pages"}],"about":[{"href":"https:\/\/www.angro.nl\/fr\/wp-json\/wp\/v2\/types\/page"}],"author":[{"embeddable":true,"href":"https:\/\/www.angro.nl\/fr\/wp-json\/wp\/v2\/users\/2"}],"replies":[{"embeddable":true,"href":"https:\/\/www.angro.nl\/fr\/wp-json\/wp\/v2\/comments?post=1051"}],"version-history":[{"count":17,"href":"https:\/\/www.angro.nl\/fr\/wp-json\/wp\/v2\/pages\/1051\/revisions"}],"predecessor-version":[{"id":13154,"href":"https:\/\/www.angro.nl\/fr\/wp-json\/wp\/v2\/pages\/1051\/revisions\/13154"}],"wp:featuredmedia":[{"embeddable":true,"href":"https:\/\/www.angro.nl\/fr\/wp-json\/wp\/v2\/media\/12998"}],"wp:attachment":[{"href":"https:\/\/www.angro.nl\/fr\/wp-json\/wp\/v2\/media?parent=1051"}],"curies":[{"name":"wp","href":"https:\/\/api.w.org\/{rel}","templated":true}]}}