{"id":1003,"date":"2021-05-07T12:23:44","date_gmt":"2021-05-07T12:23:44","guid":{"rendered":"http:\/\/angrosocks.hashtagconcepts.com\/ons-team\/"},"modified":"2022-01-11T17:04:41","modified_gmt":"2022-01-11T17:04:41","slug":"ons-team","status":"publish","type":"page","link":"https:\/\/www.angro.nl\/fr\/ons-team\/","title":{"rendered":"notre \u00e9quipe"},"content":{"rendered":"<h2>Notre \u00e9quipe est heureuse de vous parler<\/h2>\n<p>L\u2019\u00e9quipe Angro est compos\u00e9e de plus de 70 professionnels passionn\u00e9s, actifs au quotidien dans le d\u00e9veloppement, la production et la commercialisation de v\u00eatements pour jambes et d\u2019accessoires de mode. Rencontrez notre entreprise et nos produits et d\u00e9couvrez les nombreuses possibilit\u00e9s d\u2019Angro. Les personnes de contact ci-dessous se feront un plaisir de vous aider.<\/p>\n","protected":false},"excerpt":{"rendered":"<p>Notre \u00e9quipe est heureuse de vous parler L\u2019\u00e9quipe Angro est compos\u00e9e de plus de 70 professionnels passionn\u00e9s, actifs au quotidien dans le d\u00e9veloppement, la production et la commercialisation de v\u00eatements pour jambes et d\u2019accessoires de mode. Rencontrez notre entreprise et nos produits et d\u00e9couvrez les nombreuses possibilit\u00e9s d\u2019Angro. Les personnes de contact ci-dessous se feront&hellip; <a class=\"more-link\" href=\"https:\/\/www.angro.nl\/fr\/ons-team\/\">Poursuivre la lecture <span class=\"screen-reader-text\">notre \u00e9quipe<\/span><\/a><\/p>\n","protected":false},"author":2,"featured_media":1004,"parent":0,"menu_order":0,"comment_status":"closed","ping_status":"closed","template":"templates\/team_tpl.php","meta":{"_acf_changed":false,"inline_featured_image":false,"footnotes":""},"class_list":["post-1003","page","type-page","status-publish","has-post-thumbnail","hentry","entry"],"acf":[],"yoast_head":"<!-- This site is optimized with the Yoast SEO plugin v27.2 - https:\/\/yoast.com\/product\/yoast-seo-wordpress\/ -->\n<title>notre \u00e9quipe - Angro B.V.<\/title>\n<meta name=\"robots\" content=\"index, follow, max-snippet:-1, max-image-preview:large, max-video-preview:-1\" \/>\n<link rel=\"canonical\" href=\"https:\/\/www.angro.nl\/fr\/ons-team\/\" \/>\n<meta property=\"og:locale\" content=\"fr_FR\" \/>\n<meta property=\"og:type\" content=\"article\" \/>\n<meta property=\"og:title\" content=\"notre \u00e9quipe - Angro B.V.\" \/>\n<meta property=\"og:description\" content=\"Notre \u00e9quipe est heureuse de vous parler L\u2019\u00e9quipe Angro est compos\u00e9e de plus de 70 professionnels passionn\u00e9s, actifs au quotidien dans le d\u00e9veloppement, la production et la commercialisation de v\u00eatements pour jambes et d\u2019accessoires de mode. Rencontrez notre entreprise et nos produits et d\u00e9couvrez les nombreuses possibilit\u00e9s d\u2019Angro. Les personnes de contact ci-dessous se feront&hellip; Poursuivre la lecture notre \u00e9quipe\" \/>\n<meta property=\"og:url\" content=\"https:\/\/www.angro.nl\/fr\/ons-team\/\" \/>\n<meta property=\"og:site_name\" content=\"Angro B.V.\" \/>\n<meta property=\"article:modified_time\" content=\"2022-01-11T17:04:41+00:00\" \/>\n<meta property=\"og:image\" content=\"https:\/\/www.angro.nl\/wp-content\/uploads\/2021\/05\/lookbook-banner.jpg\" \/>\n\t<meta property=\"og:image:width\" content=\"1920\" \/>\n\t<meta property=\"og:image:height\" content=\"400\" \/>\n\t<meta property=\"og:image:type\" content=\"image\/jpeg\" \/>\n<meta name=\"twitter:card\" content=\"summary_large_image\" \/>\n<script type=\"application\/ld+json\" class=\"yoast-schema-graph\">{\"@context\":\"https:\/\/schema.org\",\"@graph\":[{\"@type\":\"WebPage\",\"@id\":\"https:\/\/www.angro.nl\/fr\/ons-team\/\",\"url\":\"https:\/\/www.angro.nl\/fr\/ons-team\/\",\"name\":\"notre \u00e9quipe - Angro B.V.\",\"isPartOf\":{\"@id\":\"https:\/\/www.angro.nl\/#website\"},\"primaryImageOfPage\":{\"@id\":\"https:\/\/www.angro.nl\/fr\/ons-team\/#primaryimage\"},\"image\":{\"@id\":\"https:\/\/www.angro.nl\/fr\/ons-team\/#primaryimage\"},\"thumbnailUrl\":\"https:\/\/www.angro.nl\/wp-content\/uploads\/2021\/05\/lookbook-banner.jpg\",\"datePublished\":\"2021-05-07T12:23:44+00:00\",\"dateModified\":\"2022-01-11T17:04:41+00:00\",\"breadcrumb\":{\"@id\":\"https:\/\/www.angro.nl\/fr\/ons-team\/#breadcrumb\"},\"inLanguage\":\"fr-FR\",\"potentialAction\":[{\"@type\":\"ReadAction\",\"target\":[\"https:\/\/www.angro.nl\/fr\/ons-team\/\"]}]},{\"@type\":\"ImageObject\",\"inLanguage\":\"fr-FR\",\"@id\":\"https:\/\/www.angro.nl\/fr\/ons-team\/#primaryimage\",\"url\":\"https:\/\/www.angro.nl\/wp-content\/uploads\/2021\/05\/lookbook-banner.jpg\",\"contentUrl\":\"https:\/\/www.angro.nl\/wp-content\/uploads\/2021\/05\/lookbook-banner.jpg\",\"width\":1920,\"height\":400},{\"@type\":\"BreadcrumbList\",\"@id\":\"https:\/\/www.angro.nl\/fr\/ons-team\/#breadcrumb\",\"itemListElement\":[{\"@type\":\"ListItem\",\"position\":1,\"name\":\"Home\",\"item\":\"https:\/\/www.angro.nl\/fr\/\"},{\"@type\":\"ListItem\",\"position\":2,\"name\":\"notre \u00e9quipe\"}]},{\"@type\":\"WebSite\",\"@id\":\"https:\/\/www.angro.nl\/#website\",\"url\":\"https:\/\/www.angro.nl\/\",\"name\":\"Angro\",\"description\":\"More than socks\",\"publisher\":{\"@id\":\"https:\/\/www.angro.nl\/#organization\"},\"alternateName\":\"More than socks\",\"potentialAction\":[{\"@type\":\"SearchAction\",\"target\":{\"@type\":\"EntryPoint\",\"urlTemplate\":\"https:\/\/www.angro.nl\/?s={search_term_string}\"},\"query-input\":{\"@type\":\"PropertyValueSpecification\",\"valueRequired\":true,\"valueName\":\"search_term_string\"}}],\"inLanguage\":\"fr-FR\"},{\"@type\":\"Organization\",\"@id\":\"https:\/\/www.angro.nl\/#organization\",\"name\":\"Angro\",\"alternateName\":\"More than socks\",\"url\":\"https:\/\/www.angro.nl\/\",\"logo\":{\"@type\":\"ImageObject\",\"inLanguage\":\"fr-FR\",\"@id\":\"https:\/\/www.angro.nl\/#\/schema\/logo\/image\/\",\"url\":\"https:\/\/www.angro.nl\/wp-content\/uploads\/2024\/03\/Logo-ANGRO-e1711621827869.jpg\",\"contentUrl\":\"https:\/\/www.angro.nl\/wp-content\/uploads\/2024\/03\/Logo-ANGRO-e1711621827869.jpg\",\"width\":235,\"height\":188,\"caption\":\"Angro\"},\"image\":{\"@id\":\"https:\/\/www.angro.nl\/#\/schema\/logo\/image\/\"}}]}<\/script>\n<!-- \/ Yoast SEO plugin. -->","yoast_head_json":{"title":"notre \u00e9quipe - Angro B.V.","robots":{"index":"index","follow":"follow","max-snippet":"max-snippet:-1","max-image-preview":"max-image-preview:large","max-video-preview":"max-video-preview:-1"},"canonical":"https:\/\/www.angro.nl\/fr\/ons-team\/","og_locale":"fr_FR","og_type":"article","og_title":"notre \u00e9quipe - Angro B.V.","og_description":"Notre \u00e9quipe est heureuse de vous parler L\u2019\u00e9quipe Angro est compos\u00e9e de plus de 70 professionnels passionn\u00e9s, actifs au quotidien dans le d\u00e9veloppement, la production et la commercialisation de v\u00eatements pour jambes et d\u2019accessoires de mode. Rencontrez notre entreprise et nos produits et d\u00e9couvrez les nombreuses possibilit\u00e9s d\u2019Angro. Les personnes de contact ci-dessous se feront&hellip; Poursuivre la lecture notre \u00e9quipe","og_url":"https:\/\/www.angro.nl\/fr\/ons-team\/","og_site_name":"Angro B.V.","article_modified_time":"2022-01-11T17:04:41+00:00","og_image":[{"width":1920,"height":400,"url":"https:\/\/www.angro.nl\/wp-content\/uploads\/2021\/05\/lookbook-banner.jpg","type":"image\/jpeg"}],"twitter_card":"summary_large_image","schema":{"@context":"https:\/\/schema.org","@graph":[{"@type":"WebPage","@id":"https:\/\/www.angro.nl\/fr\/ons-team\/","url":"https:\/\/www.angro.nl\/fr\/ons-team\/","name":"notre \u00e9quipe - Angro B.V.","isPartOf":{"@id":"https:\/\/www.angro.nl\/#website"},"primaryImageOfPage":{"@id":"https:\/\/www.angro.nl\/fr\/ons-team\/#primaryimage"},"image":{"@id":"https:\/\/www.angro.nl\/fr\/ons-team\/#primaryimage"},"thumbnailUrl":"https:\/\/www.angro.nl\/wp-content\/uploads\/2021\/05\/lookbook-banner.jpg","datePublished":"2021-05-07T12:23:44+00:00","dateModified":"2022-01-11T17:04:41+00:00","breadcrumb":{"@id":"https:\/\/www.angro.nl\/fr\/ons-team\/#breadcrumb"},"inLanguage":"fr-FR","potentialAction":[{"@type":"ReadAction","target":["https:\/\/www.angro.nl\/fr\/ons-team\/"]}]},{"@type":"ImageObject","inLanguage":"fr-FR","@id":"https:\/\/www.angro.nl\/fr\/ons-team\/#primaryimage","url":"https:\/\/www.angro.nl\/wp-content\/uploads\/2021\/05\/lookbook-banner.jpg","contentUrl":"https:\/\/www.angro.nl\/wp-content\/uploads\/2021\/05\/lookbook-banner.jpg","width":1920,"height":400},{"@type":"BreadcrumbList","@id":"https:\/\/www.angro.nl\/fr\/ons-team\/#breadcrumb","itemListElement":[{"@type":"ListItem","position":1,"name":"Home","item":"https:\/\/www.angro.nl\/fr\/"},{"@type":"ListItem","position":2,"name":"notre \u00e9quipe"}]},{"@type":"WebSite","@id":"https:\/\/www.angro.nl\/#website","url":"https:\/\/www.angro.nl\/","name":"Angro","description":"More than socks","publisher":{"@id":"https:\/\/www.angro.nl\/#organization"},"alternateName":"More than socks","potentialAction":[{"@type":"SearchAction","target":{"@type":"EntryPoint","urlTemplate":"https:\/\/www.angro.nl\/?s={search_term_string}"},"query-input":{"@type":"PropertyValueSpecification","valueRequired":true,"valueName":"search_term_string"}}],"inLanguage":"fr-FR"},{"@type":"Organization","@id":"https:\/\/www.angro.nl\/#organization","name":"Angro","alternateName":"More than socks","url":"https:\/\/www.angro.nl\/","logo":{"@type":"ImageObject","inLanguage":"fr-FR","@id":"https:\/\/www.angro.nl\/#\/schema\/logo\/image\/","url":"https:\/\/www.angro.nl\/wp-content\/uploads\/2024\/03\/Logo-ANGRO-e1711621827869.jpg","contentUrl":"https:\/\/www.angro.nl\/wp-content\/uploads\/2024\/03\/Logo-ANGRO-e1711621827869.jpg","width":235,"height":188,"caption":"Angro"},"image":{"@id":"https:\/\/www.angro.nl\/#\/schema\/logo\/image\/"}}]}},"_links":{"self":[{"href":"https:\/\/www.angro.nl\/fr\/wp-json\/wp\/v2\/pages\/1003","targetHints":{"allow":["GET"]}}],"collection":[{"href":"https:\/\/www.angro.nl\/fr\/wp-json\/wp\/v2\/pages"}],"about":[{"href":"https:\/\/www.angro.nl\/fr\/wp-json\/wp\/v2\/types\/page"}],"author":[{"embeddable":true,"href":"https:\/\/www.angro.nl\/fr\/wp-json\/wp\/v2\/users\/2"}],"replies":[{"embeddable":true,"href":"https:\/\/www.angro.nl\/fr\/wp-json\/wp\/v2\/comments?post=1003"}],"version-history":[{"count":2,"href":"https:\/\/www.angro.nl\/fr\/wp-json\/wp\/v2\/pages\/1003\/revisions"}],"predecessor-version":[{"id":7548,"href":"https:\/\/www.angro.nl\/fr\/wp-json\/wp\/v2\/pages\/1003\/revisions\/7548"}],"wp:featuredmedia":[{"embeddable":true,"href":"https:\/\/www.angro.nl\/fr\/wp-json\/wp\/v2\/media\/1004"}],"wp:attachment":[{"href":"https:\/\/www.angro.nl\/fr\/wp-json\/wp\/v2\/media?parent=1003"}],"curies":[{"name":"wp","href":"https:\/\/api.w.org\/{rel}","templated":true}]}}