{"id":13754,"date":"2025-05-08T15:04:43","date_gmt":"2025-05-08T13:04:43","guid":{"rendered":"https:\/\/www.angro.nl\/angro-30-jaar\/"},"modified":"2026-02-11T15:45:27","modified_gmt":"2026-02-11T14:45:27","slug":"angro-30-jaar","status":"publish","type":"page","link":"https:\/\/www.angro.nl\/de\/angro-30-jaar\/","title":{"rendered":"Angro 30 jaar"},"content":{"rendered":"<p>Am 30. April 2025 feierten wir genau 30 Jahre. Was einst als Sockenladen \u2019t Sokje in einer Garage begann, hat sich zu einem internationalen Gro\u00dfh\u00e4ndler f\u00fcr Beinbekleidung und Modeaccessoires entwickelt. Ohne unsere engagierten Mitarbeitenden und treuen Gesch\u00e4ftspartner w\u00e4re das nie gelungen. Daf\u00fcr sind wir unglaublich dankbar \u2013 und auch ein wenig stolz. Und wir fangen gerade erst an. Mit f\u00fcnf starken Marken und einer f\u00fchrenden Eigenmarkenkollektion sind wir bereit f\u00fcr die Zukunft.<\/p>\n<p>&nbsp;<\/p>\n","protected":false},"excerpt":{"rendered":"<p>Am 30. April 2025 feierten wir genau 30 Jahre. Was einst als Sockenladen \u2019t Sokje in einer Garage begann, hat sich zu einem internationalen Gro\u00dfh\u00e4ndler f\u00fcr Beinbekleidung und Modeaccessoires entwickelt. Ohne unsere engagierten Mitarbeitenden und treuen Gesch\u00e4ftspartner w\u00e4re das nie gelungen. Daf\u00fcr sind wir unglaublich dankbar \u2013 und auch ein wenig stolz. Und wir fangen&hellip; <a class=\"more-link\" href=\"https:\/\/www.angro.nl\/de\/angro-30-jaar\/\"><span class=\"screen-reader-text\">Angro 30 jaar<\/span> weiterlesen<\/a><\/p>\n","protected":false},"author":4,"featured_media":13585,"parent":0,"menu_order":0,"comment_status":"closed","ping_status":"closed","template":"templates\/overons_tpl.php","meta":{"_acf_changed":false,"inline_featured_image":false,"footnotes":""},"class_list":["post-13754","page","type-page","status-publish","has-post-thumbnail","hentry","entry"],"acf":[],"yoast_head":"<!-- This site is optimized with the Yoast SEO plugin v27.3 - https:\/\/yoast.com\/product\/yoast-seo-wordpress\/ -->\n<title>Angro 30 jaar - Angro B.V.<\/title>\n<meta name=\"robots\" content=\"index, follow, max-snippet:-1, max-image-preview:large, max-video-preview:-1\" \/>\n<link rel=\"canonical\" href=\"https:\/\/www.angro.nl\/de\/angro-30-jaar\/\" \/>\n<meta property=\"og:locale\" content=\"de_DE\" \/>\n<meta property=\"og:type\" content=\"article\" \/>\n<meta property=\"og:title\" content=\"Angro 30 jaar - Angro B.V.\" \/>\n<meta property=\"og:description\" content=\"Am 30. April 2025 feierten wir genau 30 Jahre. Was einst als Sockenladen \u2019t Sokje in einer Garage begann, hat sich zu einem internationalen Gro\u00dfh\u00e4ndler f\u00fcr Beinbekleidung und Modeaccessoires entwickelt. Ohne unsere engagierten Mitarbeitenden und treuen Gesch\u00e4ftspartner w\u00e4re das nie gelungen. Daf\u00fcr sind wir unglaublich dankbar \u2013 und auch ein wenig stolz. Und wir fangen&hellip; Angro 30 jaar weiterlesen\" \/>\n<meta property=\"og:url\" content=\"https:\/\/www.angro.nl\/de\/angro-30-jaar\/\" \/>\n<meta property=\"og:site_name\" content=\"Angro B.V.\" \/>\n<meta property=\"article:modified_time\" content=\"2026-02-11T14:45:27+00:00\" \/>\n<meta property=\"og:image\" content=\"https:\/\/www.angro.nl\/wp-content\/uploads\/2025\/05\/header-angro-30-years.jpg\" \/>\n\t<meta property=\"og:image:width\" content=\"1900\" \/>\n\t<meta property=\"og:image:height\" content=\"533\" \/>\n\t<meta property=\"og:image:type\" content=\"image\/jpeg\" \/>\n<meta name=\"twitter:card\" content=\"summary_large_image\" \/>\n<script type=\"application\/ld+json\" class=\"yoast-schema-graph\">{\"@context\":\"https:\\\/\\\/schema.org\",\"@graph\":[{\"@type\":\"WebPage\",\"@id\":\"https:\\\/\\\/www.angro.nl\\\/de\\\/angro-30-jaar\\\/\",\"url\":\"https:\\\/\\\/www.angro.nl\\\/de\\\/angro-30-jaar\\\/\",\"name\":\"Angro 30 jaar - Angro B.V.\",\"isPartOf\":{\"@id\":\"https:\\\/\\\/www.angro.nl\\\/#website\"},\"primaryImageOfPage\":{\"@id\":\"https:\\\/\\\/www.angro.nl\\\/de\\\/angro-30-jaar\\\/#primaryimage\"},\"image\":{\"@id\":\"https:\\\/\\\/www.angro.nl\\\/de\\\/angro-30-jaar\\\/#primaryimage\"},\"thumbnailUrl\":\"https:\\\/\\\/www.angro.nl\\\/wp-content\\\/uploads\\\/2025\\\/05\\\/header-angro-30-years.jpg\",\"datePublished\":\"2025-05-08T13:04:43+00:00\",\"dateModified\":\"2026-02-11T14:45:27+00:00\",\"breadcrumb\":{\"@id\":\"https:\\\/\\\/www.angro.nl\\\/de\\\/angro-30-jaar\\\/#breadcrumb\"},\"inLanguage\":\"de\",\"potentialAction\":[{\"@type\":\"ReadAction\",\"target\":[\"https:\\\/\\\/www.angro.nl\\\/de\\\/angro-30-jaar\\\/\"]}]},{\"@type\":\"ImageObject\",\"inLanguage\":\"de\",\"@id\":\"https:\\\/\\\/www.angro.nl\\\/de\\\/angro-30-jaar\\\/#primaryimage\",\"url\":\"https:\\\/\\\/www.angro.nl\\\/wp-content\\\/uploads\\\/2025\\\/05\\\/header-angro-30-years.jpg\",\"contentUrl\":\"https:\\\/\\\/www.angro.nl\\\/wp-content\\\/uploads\\\/2025\\\/05\\\/header-angro-30-years.jpg\",\"width\":1900,\"height\":533},{\"@type\":\"BreadcrumbList\",\"@id\":\"https:\\\/\\\/www.angro.nl\\\/de\\\/angro-30-jaar\\\/#breadcrumb\",\"itemListElement\":[{\"@type\":\"ListItem\",\"position\":1,\"name\":\"Home\",\"item\":\"https:\\\/\\\/www.angro.nl\\\/de\\\/\"},{\"@type\":\"ListItem\",\"position\":2,\"name\":\"Angro 30 jaar\"}]},{\"@type\":\"WebSite\",\"@id\":\"https:\\\/\\\/www.angro.nl\\\/#website\",\"url\":\"https:\\\/\\\/www.angro.nl\\\/\",\"name\":\"Angro\",\"description\":\"More than socks\",\"publisher\":{\"@id\":\"https:\\\/\\\/www.angro.nl\\\/#organization\"},\"alternateName\":\"More than socks\",\"potentialAction\":[{\"@type\":\"SearchAction\",\"target\":{\"@type\":\"EntryPoint\",\"urlTemplate\":\"https:\\\/\\\/www.angro.nl\\\/?s={search_term_string}\"},\"query-input\":{\"@type\":\"PropertyValueSpecification\",\"valueRequired\":true,\"valueName\":\"search_term_string\"}}],\"inLanguage\":\"de\"},{\"@type\":\"Organization\",\"@id\":\"https:\\\/\\\/www.angro.nl\\\/#organization\",\"name\":\"Angro\",\"alternateName\":\"More than socks\",\"url\":\"https:\\\/\\\/www.angro.nl\\\/\",\"logo\":{\"@type\":\"ImageObject\",\"inLanguage\":\"de\",\"@id\":\"https:\\\/\\\/www.angro.nl\\\/#\\\/schema\\\/logo\\\/image\\\/\",\"url\":\"https:\\\/\\\/www.angro.nl\\\/wp-content\\\/uploads\\\/2024\\\/03\\\/Logo-ANGRO-e1711621827869.jpg\",\"contentUrl\":\"https:\\\/\\\/www.angro.nl\\\/wp-content\\\/uploads\\\/2024\\\/03\\\/Logo-ANGRO-e1711621827869.jpg\",\"width\":235,\"height\":188,\"caption\":\"Angro\"},\"image\":{\"@id\":\"https:\\\/\\\/www.angro.nl\\\/#\\\/schema\\\/logo\\\/image\\\/\"}}]}<\/script>\n<!-- \/ Yoast SEO plugin. -->","yoast_head_json":{"title":"Angro 30 jaar - Angro B.V.","robots":{"index":"index","follow":"follow","max-snippet":"max-snippet:-1","max-image-preview":"max-image-preview:large","max-video-preview":"max-video-preview:-1"},"canonical":"https:\/\/www.angro.nl\/de\/angro-30-jaar\/","og_locale":"de_DE","og_type":"article","og_title":"Angro 30 jaar - Angro B.V.","og_description":"Am 30. April 2025 feierten wir genau 30 Jahre. Was einst als Sockenladen \u2019t Sokje in einer Garage begann, hat sich zu einem internationalen Gro\u00dfh\u00e4ndler f\u00fcr Beinbekleidung und Modeaccessoires entwickelt. Ohne unsere engagierten Mitarbeitenden und treuen Gesch\u00e4ftspartner w\u00e4re das nie gelungen. Daf\u00fcr sind wir unglaublich dankbar \u2013 und auch ein wenig stolz. Und wir fangen&hellip; Angro 30 jaar weiterlesen","og_url":"https:\/\/www.angro.nl\/de\/angro-30-jaar\/","og_site_name":"Angro B.V.","article_modified_time":"2026-02-11T14:45:27+00:00","og_image":[{"width":1900,"height":533,"url":"https:\/\/www.angro.nl\/wp-content\/uploads\/2025\/05\/header-angro-30-years.jpg","type":"image\/jpeg"}],"twitter_card":"summary_large_image","schema":{"@context":"https:\/\/schema.org","@graph":[{"@type":"WebPage","@id":"https:\/\/www.angro.nl\/de\/angro-30-jaar\/","url":"https:\/\/www.angro.nl\/de\/angro-30-jaar\/","name":"Angro 30 jaar - Angro B.V.","isPartOf":{"@id":"https:\/\/www.angro.nl\/#website"},"primaryImageOfPage":{"@id":"https:\/\/www.angro.nl\/de\/angro-30-jaar\/#primaryimage"},"image":{"@id":"https:\/\/www.angro.nl\/de\/angro-30-jaar\/#primaryimage"},"thumbnailUrl":"https:\/\/www.angro.nl\/wp-content\/uploads\/2025\/05\/header-angro-30-years.jpg","datePublished":"2025-05-08T13:04:43+00:00","dateModified":"2026-02-11T14:45:27+00:00","breadcrumb":{"@id":"https:\/\/www.angro.nl\/de\/angro-30-jaar\/#breadcrumb"},"inLanguage":"de","potentialAction":[{"@type":"ReadAction","target":["https:\/\/www.angro.nl\/de\/angro-30-jaar\/"]}]},{"@type":"ImageObject","inLanguage":"de","@id":"https:\/\/www.angro.nl\/de\/angro-30-jaar\/#primaryimage","url":"https:\/\/www.angro.nl\/wp-content\/uploads\/2025\/05\/header-angro-30-years.jpg","contentUrl":"https:\/\/www.angro.nl\/wp-content\/uploads\/2025\/05\/header-angro-30-years.jpg","width":1900,"height":533},{"@type":"BreadcrumbList","@id":"https:\/\/www.angro.nl\/de\/angro-30-jaar\/#breadcrumb","itemListElement":[{"@type":"ListItem","position":1,"name":"Home","item":"https:\/\/www.angro.nl\/de\/"},{"@type":"ListItem","position":2,"name":"Angro 30 jaar"}]},{"@type":"WebSite","@id":"https:\/\/www.angro.nl\/#website","url":"https:\/\/www.angro.nl\/","name":"Angro","description":"More than socks","publisher":{"@id":"https:\/\/www.angro.nl\/#organization"},"alternateName":"More than socks","potentialAction":[{"@type":"SearchAction","target":{"@type":"EntryPoint","urlTemplate":"https:\/\/www.angro.nl\/?s={search_term_string}"},"query-input":{"@type":"PropertyValueSpecification","valueRequired":true,"valueName":"search_term_string"}}],"inLanguage":"de"},{"@type":"Organization","@id":"https:\/\/www.angro.nl\/#organization","name":"Angro","alternateName":"More than socks","url":"https:\/\/www.angro.nl\/","logo":{"@type":"ImageObject","inLanguage":"de","@id":"https:\/\/www.angro.nl\/#\/schema\/logo\/image\/","url":"https:\/\/www.angro.nl\/wp-content\/uploads\/2024\/03\/Logo-ANGRO-e1711621827869.jpg","contentUrl":"https:\/\/www.angro.nl\/wp-content\/uploads\/2024\/03\/Logo-ANGRO-e1711621827869.jpg","width":235,"height":188,"caption":"Angro"},"image":{"@id":"https:\/\/www.angro.nl\/#\/schema\/logo\/image\/"}}]}},"_links":{"self":[{"href":"https:\/\/www.angro.nl\/de\/wp-json\/wp\/v2\/pages\/13754","targetHints":{"allow":["GET"]}}],"collection":[{"href":"https:\/\/www.angro.nl\/de\/wp-json\/wp\/v2\/pages"}],"about":[{"href":"https:\/\/www.angro.nl\/de\/wp-json\/wp\/v2\/types\/page"}],"author":[{"embeddable":true,"href":"https:\/\/www.angro.nl\/de\/wp-json\/wp\/v2\/users\/4"}],"replies":[{"embeddable":true,"href":"https:\/\/www.angro.nl\/de\/wp-json\/wp\/v2\/comments?post=13754"}],"version-history":[{"count":10,"href":"https:\/\/www.angro.nl\/de\/wp-json\/wp\/v2\/pages\/13754\/revisions"}],"predecessor-version":[{"id":14131,"href":"https:\/\/www.angro.nl\/de\/wp-json\/wp\/v2\/pages\/13754\/revisions\/14131"}],"wp:featuredmedia":[{"embeddable":true,"href":"https:\/\/www.angro.nl\/de\/wp-json\/wp\/v2\/media\/13585"}],"wp:attachment":[{"href":"https:\/\/www.angro.nl\/de\/wp-json\/wp\/v2\/media?parent=13754"}],"curies":[{"name":"wp","href":"https:\/\/api.w.org\/{rel}","templated":true}]}}