{"id":12026,"date":"2024-05-02T10:11:12","date_gmt":"2024-05-02T08:11:12","guid":{"rendered":"https:\/\/www.angro.nl\/groothandel-sportswear\/"},"modified":"2026-01-28T10:17:05","modified_gmt":"2026-01-28T09:17:05","slug":"grosshandel-sportbekleidung","status":"publish","type":"page","link":"https:\/\/www.angro.nl\/de\/grosshandel-sportbekleidung\/","title":{"rendered":"Gro\u00dfhandel Sportbekleidung"},"content":{"rendered":"","protected":false},"excerpt":{"rendered":"","protected":false},"author":21,"featured_media":11831,"parent":0,"menu_order":0,"comment_status":"closed","ping_status":"closed","template":"templates\/seo_landing_tpl.php","meta":{"_acf_changed":false,"inline_featured_image":false,"footnotes":""},"class_list":["post-12026","page","type-page","status-publish","has-post-thumbnail","hentry","entry"],"acf":[],"yoast_head":"<!-- This site is optimized with the Yoast SEO plugin v27.3 - https:\/\/yoast.com\/product\/yoast-seo-wordpress\/ -->\n<title>Gro\u00dfhandel Sportbekleidung - Angro B.V.<\/title>\n<meta name=\"description\" content=\"Angro, dem f\u00fchrenden Gro\u00dfhandel, Distributor und Hersteller einer umfangreichen Kollektion von Sportbekleidung.\" \/>\n<meta name=\"robots\" content=\"index, follow, max-snippet:-1, max-image-preview:large, max-video-preview:-1\" \/>\n<link rel=\"canonical\" href=\"https:\/\/www.angro.nl\/de\/grosshandel-sportbekleidung\/\" \/>\n<meta property=\"og:locale\" content=\"de_DE\" \/>\n<meta property=\"og:type\" content=\"article\" \/>\n<meta property=\"og:title\" content=\"Gro\u00dfhandel Sportbekleidung - Angro B.V.\" \/>\n<meta property=\"og:description\" content=\"Angro, dem f\u00fchrenden Gro\u00dfhandel, Distributor und Hersteller einer umfangreichen Kollektion von Sportbekleidung.\" \/>\n<meta property=\"og:url\" content=\"https:\/\/www.angro.nl\/de\/grosshandel-sportbekleidung\/\" \/>\n<meta property=\"og:site_name\" content=\"Angro B.V.\" \/>\n<meta property=\"article:modified_time\" content=\"2026-01-28T09:17:05+00:00\" \/>\n<meta property=\"og:image\" content=\"https:\/\/www.angro.nl\/wp-content\/uploads\/2024\/05\/Angro-Xtreme-19-4-236121-scaled-e1714638039852.jpg\" \/>\n\t<meta property=\"og:image:width\" content=\"983\" \/>\n\t<meta property=\"og:image:height\" content=\"1007\" \/>\n\t<meta property=\"og:image:type\" content=\"image\/jpeg\" \/>\n<meta name=\"twitter:card\" content=\"summary_large_image\" \/>\n<script type=\"application\/ld+json\" class=\"yoast-schema-graph\">{\"@context\":\"https:\\\/\\\/schema.org\",\"@graph\":[{\"@type\":\"WebPage\",\"@id\":\"https:\\\/\\\/www.angro.nl\\\/de\\\/grosshandel-sportbekleidung\\\/\",\"url\":\"https:\\\/\\\/www.angro.nl\\\/de\\\/grosshandel-sportbekleidung\\\/\",\"name\":\"Gro\u00dfhandel Sportbekleidung - Angro B.V.\",\"isPartOf\":{\"@id\":\"https:\\\/\\\/www.angro.nl\\\/#website\"},\"primaryImageOfPage\":{\"@id\":\"https:\\\/\\\/www.angro.nl\\\/de\\\/grosshandel-sportbekleidung\\\/#primaryimage\"},\"image\":{\"@id\":\"https:\\\/\\\/www.angro.nl\\\/de\\\/grosshandel-sportbekleidung\\\/#primaryimage\"},\"thumbnailUrl\":\"https:\\\/\\\/www.angro.nl\\\/wp-content\\\/uploads\\\/2024\\\/05\\\/Angro-Xtreme-19-4-236121-scaled-e1714638039852.jpg\",\"datePublished\":\"2024-05-02T08:11:12+00:00\",\"dateModified\":\"2026-01-28T09:17:05+00:00\",\"description\":\"Angro, dem f\u00fchrenden Gro\u00dfhandel, Distributor und Hersteller einer umfangreichen Kollektion von Sportbekleidung.\",\"breadcrumb\":{\"@id\":\"https:\\\/\\\/www.angro.nl\\\/de\\\/grosshandel-sportbekleidung\\\/#breadcrumb\"},\"inLanguage\":\"de\",\"potentialAction\":[{\"@type\":\"ReadAction\",\"target\":[\"https:\\\/\\\/www.angro.nl\\\/de\\\/grosshandel-sportbekleidung\\\/\"]}]},{\"@type\":\"ImageObject\",\"inLanguage\":\"de\",\"@id\":\"https:\\\/\\\/www.angro.nl\\\/de\\\/grosshandel-sportbekleidung\\\/#primaryimage\",\"url\":\"https:\\\/\\\/www.angro.nl\\\/wp-content\\\/uploads\\\/2024\\\/05\\\/Angro-Xtreme-19-4-236121-scaled-e1714638039852.jpg\",\"contentUrl\":\"https:\\\/\\\/www.angro.nl\\\/wp-content\\\/uploads\\\/2024\\\/05\\\/Angro-Xtreme-19-4-236121-scaled-e1714638039852.jpg\",\"width\":983,\"height\":1007,\"caption\":\"Gro\u00dfhandel Sportbekleidung\"},{\"@type\":\"BreadcrumbList\",\"@id\":\"https:\\\/\\\/www.angro.nl\\\/de\\\/grosshandel-sportbekleidung\\\/#breadcrumb\",\"itemListElement\":[{\"@type\":\"ListItem\",\"position\":1,\"name\":\"Home\",\"item\":\"https:\\\/\\\/www.angro.nl\\\/de\\\/\"},{\"@type\":\"ListItem\",\"position\":2,\"name\":\"Gro\u00dfhandel Sportbekleidung\"}]},{\"@type\":\"WebSite\",\"@id\":\"https:\\\/\\\/www.angro.nl\\\/#website\",\"url\":\"https:\\\/\\\/www.angro.nl\\\/\",\"name\":\"Angro\",\"description\":\"More than socks\",\"publisher\":{\"@id\":\"https:\\\/\\\/www.angro.nl\\\/#organization\"},\"alternateName\":\"More than socks\",\"potentialAction\":[{\"@type\":\"SearchAction\",\"target\":{\"@type\":\"EntryPoint\",\"urlTemplate\":\"https:\\\/\\\/www.angro.nl\\\/?s={search_term_string}\"},\"query-input\":{\"@type\":\"PropertyValueSpecification\",\"valueRequired\":true,\"valueName\":\"search_term_string\"}}],\"inLanguage\":\"de\"},{\"@type\":\"Organization\",\"@id\":\"https:\\\/\\\/www.angro.nl\\\/#organization\",\"name\":\"Angro\",\"alternateName\":\"More than socks\",\"url\":\"https:\\\/\\\/www.angro.nl\\\/\",\"logo\":{\"@type\":\"ImageObject\",\"inLanguage\":\"de\",\"@id\":\"https:\\\/\\\/www.angro.nl\\\/#\\\/schema\\\/logo\\\/image\\\/\",\"url\":\"https:\\\/\\\/www.angro.nl\\\/wp-content\\\/uploads\\\/2024\\\/03\\\/Logo-ANGRO-e1711621827869.jpg\",\"contentUrl\":\"https:\\\/\\\/www.angro.nl\\\/wp-content\\\/uploads\\\/2024\\\/03\\\/Logo-ANGRO-e1711621827869.jpg\",\"width\":235,\"height\":188,\"caption\":\"Angro\"},\"image\":{\"@id\":\"https:\\\/\\\/www.angro.nl\\\/#\\\/schema\\\/logo\\\/image\\\/\"}}]}<\/script>\n<!-- \/ Yoast SEO plugin. -->","yoast_head_json":{"title":"Gro\u00dfhandel Sportbekleidung - Angro B.V.","description":"Angro, dem f\u00fchrenden Gro\u00dfhandel, Distributor und Hersteller einer umfangreichen Kollektion von Sportbekleidung.","robots":{"index":"index","follow":"follow","max-snippet":"max-snippet:-1","max-image-preview":"max-image-preview:large","max-video-preview":"max-video-preview:-1"},"canonical":"https:\/\/www.angro.nl\/de\/grosshandel-sportbekleidung\/","og_locale":"de_DE","og_type":"article","og_title":"Gro\u00dfhandel Sportbekleidung - Angro B.V.","og_description":"Angro, dem f\u00fchrenden Gro\u00dfhandel, Distributor und Hersteller einer umfangreichen Kollektion von Sportbekleidung.","og_url":"https:\/\/www.angro.nl\/de\/grosshandel-sportbekleidung\/","og_site_name":"Angro B.V.","article_modified_time":"2026-01-28T09:17:05+00:00","og_image":[{"width":983,"height":1007,"url":"https:\/\/www.angro.nl\/wp-content\/uploads\/2024\/05\/Angro-Xtreme-19-4-236121-scaled-e1714638039852.jpg","type":"image\/jpeg"}],"twitter_card":"summary_large_image","schema":{"@context":"https:\/\/schema.org","@graph":[{"@type":"WebPage","@id":"https:\/\/www.angro.nl\/de\/grosshandel-sportbekleidung\/","url":"https:\/\/www.angro.nl\/de\/grosshandel-sportbekleidung\/","name":"Gro\u00dfhandel Sportbekleidung - Angro B.V.","isPartOf":{"@id":"https:\/\/www.angro.nl\/#website"},"primaryImageOfPage":{"@id":"https:\/\/www.angro.nl\/de\/grosshandel-sportbekleidung\/#primaryimage"},"image":{"@id":"https:\/\/www.angro.nl\/de\/grosshandel-sportbekleidung\/#primaryimage"},"thumbnailUrl":"https:\/\/www.angro.nl\/wp-content\/uploads\/2024\/05\/Angro-Xtreme-19-4-236121-scaled-e1714638039852.jpg","datePublished":"2024-05-02T08:11:12+00:00","dateModified":"2026-01-28T09:17:05+00:00","description":"Angro, dem f\u00fchrenden Gro\u00dfhandel, Distributor und Hersteller einer umfangreichen Kollektion von Sportbekleidung.","breadcrumb":{"@id":"https:\/\/www.angro.nl\/de\/grosshandel-sportbekleidung\/#breadcrumb"},"inLanguage":"de","potentialAction":[{"@type":"ReadAction","target":["https:\/\/www.angro.nl\/de\/grosshandel-sportbekleidung\/"]}]},{"@type":"ImageObject","inLanguage":"de","@id":"https:\/\/www.angro.nl\/de\/grosshandel-sportbekleidung\/#primaryimage","url":"https:\/\/www.angro.nl\/wp-content\/uploads\/2024\/05\/Angro-Xtreme-19-4-236121-scaled-e1714638039852.jpg","contentUrl":"https:\/\/www.angro.nl\/wp-content\/uploads\/2024\/05\/Angro-Xtreme-19-4-236121-scaled-e1714638039852.jpg","width":983,"height":1007,"caption":"Gro\u00dfhandel Sportbekleidung"},{"@type":"BreadcrumbList","@id":"https:\/\/www.angro.nl\/de\/grosshandel-sportbekleidung\/#breadcrumb","itemListElement":[{"@type":"ListItem","position":1,"name":"Home","item":"https:\/\/www.angro.nl\/de\/"},{"@type":"ListItem","position":2,"name":"Gro\u00dfhandel Sportbekleidung"}]},{"@type":"WebSite","@id":"https:\/\/www.angro.nl\/#website","url":"https:\/\/www.angro.nl\/","name":"Angro","description":"More than socks","publisher":{"@id":"https:\/\/www.angro.nl\/#organization"},"alternateName":"More than socks","potentialAction":[{"@type":"SearchAction","target":{"@type":"EntryPoint","urlTemplate":"https:\/\/www.angro.nl\/?s={search_term_string}"},"query-input":{"@type":"PropertyValueSpecification","valueRequired":true,"valueName":"search_term_string"}}],"inLanguage":"de"},{"@type":"Organization","@id":"https:\/\/www.angro.nl\/#organization","name":"Angro","alternateName":"More than socks","url":"https:\/\/www.angro.nl\/","logo":{"@type":"ImageObject","inLanguage":"de","@id":"https:\/\/www.angro.nl\/#\/schema\/logo\/image\/","url":"https:\/\/www.angro.nl\/wp-content\/uploads\/2024\/03\/Logo-ANGRO-e1711621827869.jpg","contentUrl":"https:\/\/www.angro.nl\/wp-content\/uploads\/2024\/03\/Logo-ANGRO-e1711621827869.jpg","width":235,"height":188,"caption":"Angro"},"image":{"@id":"https:\/\/www.angro.nl\/#\/schema\/logo\/image\/"}}]}},"_links":{"self":[{"href":"https:\/\/www.angro.nl\/de\/wp-json\/wp\/v2\/pages\/12026","targetHints":{"allow":["GET"]}}],"collection":[{"href":"https:\/\/www.angro.nl\/de\/wp-json\/wp\/v2\/pages"}],"about":[{"href":"https:\/\/www.angro.nl\/de\/wp-json\/wp\/v2\/types\/page"}],"author":[{"embeddable":true,"href":"https:\/\/www.angro.nl\/de\/wp-json\/wp\/v2\/users\/21"}],"replies":[{"embeddable":true,"href":"https:\/\/www.angro.nl\/de\/wp-json\/wp\/v2\/comments?post=12026"}],"version-history":[{"count":3,"href":"https:\/\/www.angro.nl\/de\/wp-json\/wp\/v2\/pages\/12026\/revisions"}],"predecessor-version":[{"id":14077,"href":"https:\/\/www.angro.nl\/de\/wp-json\/wp\/v2\/pages\/12026\/revisions\/14077"}],"wp:featuredmedia":[{"embeddable":true,"href":"https:\/\/www.angro.nl\/de\/wp-json\/wp\/v2\/media\/11831"}],"wp:attachment":[{"href":"https:\/\/www.angro.nl\/de\/wp-json\/wp\/v2\/media?parent=12026"}],"curies":[{"name":"wp","href":"https:\/\/api.w.org\/{rel}","templated":true}]}}