{"id":11992,"date":"2024-04-11T10:09:31","date_gmt":"2024-04-11T08:09:31","guid":{"rendered":"https:\/\/www.angro.nl\/groothandel-party-accessoires\/"},"modified":"2026-01-28T09:08:01","modified_gmt":"2026-01-28T08:08:01","slug":"grosshandel-partyzubehoer","status":"publish","type":"page","link":"https:\/\/www.angro.nl\/de\/grosshandel-partyzubehoer\/","title":{"rendered":"Gro\u00dfhandel Partyzubeh\u00f6r"},"content":{"rendered":"","protected":false},"excerpt":{"rendered":"","protected":false},"author":21,"featured_media":11546,"parent":0,"menu_order":0,"comment_status":"closed","ping_status":"closed","template":"templates\/seo_landing_tpl.php","meta":{"_acf_changed":false,"inline_featured_image":false,"footnotes":""},"class_list":["post-11992","page","type-page","status-publish","has-post-thumbnail","hentry","entry"],"acf":[],"yoast_head":"<!-- This site is optimized with the Yoast SEO plugin v27.3 - https:\/\/yoast.com\/product\/yoast-seo-wordpress\/ -->\n<title>Gro\u00dfhandel Partyzubeh\u00f6r - Angro B.V.<\/title>\n<meta name=\"description\" content=\"Angro, dem f\u00fchrenden Gro\u00dfhandel, Distributor und Hersteller einer umfangreichen Kollektion von Partyzubeh\u00f6r f\u00fcr die fantastischsten Feiern.\" \/>\n<meta name=\"robots\" content=\"index, follow, max-snippet:-1, max-image-preview:large, max-video-preview:-1\" \/>\n<link rel=\"canonical\" href=\"https:\/\/www.angro.nl\/de\/grosshandel-partyzubehoer\/\" \/>\n<meta property=\"og:locale\" content=\"de_DE\" \/>\n<meta property=\"og:type\" content=\"article\" \/>\n<meta property=\"og:title\" content=\"Gro\u00dfhandel Partyzubeh\u00f6r - Angro B.V.\" \/>\n<meta property=\"og:description\" content=\"Angro, dem f\u00fchrenden Gro\u00dfhandel, Distributor und Hersteller einer umfangreichen Kollektion von Partyzubeh\u00f6r f\u00fcr die fantastischsten Feiern.\" \/>\n<meta property=\"og:url\" content=\"https:\/\/www.angro.nl\/de\/grosshandel-partyzubehoer\/\" \/>\n<meta property=\"og:site_name\" content=\"Angro B.V.\" \/>\n<meta property=\"article:modified_time\" content=\"2026-01-28T08:08:01+00:00\" \/>\n<meta property=\"og:image\" content=\"https:\/\/www.angro.nl\/wp-content\/uploads\/2024\/04\/Angro-Party-27-11-194615-scaled.jpg\" \/>\n\t<meta property=\"og:image:width\" content=\"1707\" \/>\n\t<meta property=\"og:image:height\" content=\"2560\" \/>\n\t<meta property=\"og:image:type\" content=\"image\/jpeg\" \/>\n<meta name=\"twitter:card\" content=\"summary_large_image\" \/>\n<script type=\"application\/ld+json\" class=\"yoast-schema-graph\">{\"@context\":\"https:\\\/\\\/schema.org\",\"@graph\":[{\"@type\":\"WebPage\",\"@id\":\"https:\\\/\\\/www.angro.nl\\\/de\\\/grosshandel-partyzubehoer\\\/\",\"url\":\"https:\\\/\\\/www.angro.nl\\\/de\\\/grosshandel-partyzubehoer\\\/\",\"name\":\"Gro\u00dfhandel Partyzubeh\u00f6r - Angro B.V.\",\"isPartOf\":{\"@id\":\"https:\\\/\\\/www.angro.nl\\\/#website\"},\"primaryImageOfPage\":{\"@id\":\"https:\\\/\\\/www.angro.nl\\\/de\\\/grosshandel-partyzubehoer\\\/#primaryimage\"},\"image\":{\"@id\":\"https:\\\/\\\/www.angro.nl\\\/de\\\/grosshandel-partyzubehoer\\\/#primaryimage\"},\"thumbnailUrl\":\"https:\\\/\\\/www.angro.nl\\\/wp-content\\\/uploads\\\/2024\\\/04\\\/Angro-Party-27-11-194615-scaled.jpg\",\"datePublished\":\"2024-04-11T08:09:31+00:00\",\"dateModified\":\"2026-01-28T08:08:01+00:00\",\"description\":\"Angro, dem f\u00fchrenden Gro\u00dfhandel, Distributor und Hersteller einer umfangreichen Kollektion von Partyzubeh\u00f6r f\u00fcr die fantastischsten Feiern.\",\"breadcrumb\":{\"@id\":\"https:\\\/\\\/www.angro.nl\\\/de\\\/grosshandel-partyzubehoer\\\/#breadcrumb\"},\"inLanguage\":\"de\",\"potentialAction\":[{\"@type\":\"ReadAction\",\"target\":[\"https:\\\/\\\/www.angro.nl\\\/de\\\/grosshandel-partyzubehoer\\\/\"]}]},{\"@type\":\"ImageObject\",\"inLanguage\":\"de\",\"@id\":\"https:\\\/\\\/www.angro.nl\\\/de\\\/grosshandel-partyzubehoer\\\/#primaryimage\",\"url\":\"https:\\\/\\\/www.angro.nl\\\/wp-content\\\/uploads\\\/2024\\\/04\\\/Angro-Party-27-11-194615-scaled.jpg\",\"contentUrl\":\"https:\\\/\\\/www.angro.nl\\\/wp-content\\\/uploads\\\/2024\\\/04\\\/Angro-Party-27-11-194615-scaled.jpg\",\"width\":1707,\"height\":2560,\"caption\":\"Gro\u00dfhandel Partyzubeh\u00f6r\"},{\"@type\":\"BreadcrumbList\",\"@id\":\"https:\\\/\\\/www.angro.nl\\\/de\\\/grosshandel-partyzubehoer\\\/#breadcrumb\",\"itemListElement\":[{\"@type\":\"ListItem\",\"position\":1,\"name\":\"Home\",\"item\":\"https:\\\/\\\/www.angro.nl\\\/de\\\/\"},{\"@type\":\"ListItem\",\"position\":2,\"name\":\"Gro\u00dfhandel Partyzubeh\u00f6r\"}]},{\"@type\":\"WebSite\",\"@id\":\"https:\\\/\\\/www.angro.nl\\\/#website\",\"url\":\"https:\\\/\\\/www.angro.nl\\\/\",\"name\":\"Angro\",\"description\":\"More than socks\",\"publisher\":{\"@id\":\"https:\\\/\\\/www.angro.nl\\\/#organization\"},\"alternateName\":\"More than socks\",\"potentialAction\":[{\"@type\":\"SearchAction\",\"target\":{\"@type\":\"EntryPoint\",\"urlTemplate\":\"https:\\\/\\\/www.angro.nl\\\/?s={search_term_string}\"},\"query-input\":{\"@type\":\"PropertyValueSpecification\",\"valueRequired\":true,\"valueName\":\"search_term_string\"}}],\"inLanguage\":\"de\"},{\"@type\":\"Organization\",\"@id\":\"https:\\\/\\\/www.angro.nl\\\/#organization\",\"name\":\"Angro\",\"alternateName\":\"More than socks\",\"url\":\"https:\\\/\\\/www.angro.nl\\\/\",\"logo\":{\"@type\":\"ImageObject\",\"inLanguage\":\"de\",\"@id\":\"https:\\\/\\\/www.angro.nl\\\/#\\\/schema\\\/logo\\\/image\\\/\",\"url\":\"https:\\\/\\\/www.angro.nl\\\/wp-content\\\/uploads\\\/2024\\\/03\\\/Logo-ANGRO-e1711621827869.jpg\",\"contentUrl\":\"https:\\\/\\\/www.angro.nl\\\/wp-content\\\/uploads\\\/2024\\\/03\\\/Logo-ANGRO-e1711621827869.jpg\",\"width\":235,\"height\":188,\"caption\":\"Angro\"},\"image\":{\"@id\":\"https:\\\/\\\/www.angro.nl\\\/#\\\/schema\\\/logo\\\/image\\\/\"}}]}<\/script>\n<!-- \/ Yoast SEO plugin. -->","yoast_head_json":{"title":"Gro\u00dfhandel Partyzubeh\u00f6r - Angro B.V.","description":"Angro, dem f\u00fchrenden Gro\u00dfhandel, Distributor und Hersteller einer umfangreichen Kollektion von Partyzubeh\u00f6r f\u00fcr die fantastischsten Feiern.","robots":{"index":"index","follow":"follow","max-snippet":"max-snippet:-1","max-image-preview":"max-image-preview:large","max-video-preview":"max-video-preview:-1"},"canonical":"https:\/\/www.angro.nl\/de\/grosshandel-partyzubehoer\/","og_locale":"de_DE","og_type":"article","og_title":"Gro\u00dfhandel Partyzubeh\u00f6r - Angro B.V.","og_description":"Angro, dem f\u00fchrenden Gro\u00dfhandel, Distributor und Hersteller einer umfangreichen Kollektion von Partyzubeh\u00f6r f\u00fcr die fantastischsten Feiern.","og_url":"https:\/\/www.angro.nl\/de\/grosshandel-partyzubehoer\/","og_site_name":"Angro B.V.","article_modified_time":"2026-01-28T08:08:01+00:00","og_image":[{"width":1707,"height":2560,"url":"https:\/\/www.angro.nl\/wp-content\/uploads\/2024\/04\/Angro-Party-27-11-194615-scaled.jpg","type":"image\/jpeg"}],"twitter_card":"summary_large_image","schema":{"@context":"https:\/\/schema.org","@graph":[{"@type":"WebPage","@id":"https:\/\/www.angro.nl\/de\/grosshandel-partyzubehoer\/","url":"https:\/\/www.angro.nl\/de\/grosshandel-partyzubehoer\/","name":"Gro\u00dfhandel Partyzubeh\u00f6r - Angro B.V.","isPartOf":{"@id":"https:\/\/www.angro.nl\/#website"},"primaryImageOfPage":{"@id":"https:\/\/www.angro.nl\/de\/grosshandel-partyzubehoer\/#primaryimage"},"image":{"@id":"https:\/\/www.angro.nl\/de\/grosshandel-partyzubehoer\/#primaryimage"},"thumbnailUrl":"https:\/\/www.angro.nl\/wp-content\/uploads\/2024\/04\/Angro-Party-27-11-194615-scaled.jpg","datePublished":"2024-04-11T08:09:31+00:00","dateModified":"2026-01-28T08:08:01+00:00","description":"Angro, dem f\u00fchrenden Gro\u00dfhandel, Distributor und Hersteller einer umfangreichen Kollektion von Partyzubeh\u00f6r f\u00fcr die fantastischsten Feiern.","breadcrumb":{"@id":"https:\/\/www.angro.nl\/de\/grosshandel-partyzubehoer\/#breadcrumb"},"inLanguage":"de","potentialAction":[{"@type":"ReadAction","target":["https:\/\/www.angro.nl\/de\/grosshandel-partyzubehoer\/"]}]},{"@type":"ImageObject","inLanguage":"de","@id":"https:\/\/www.angro.nl\/de\/grosshandel-partyzubehoer\/#primaryimage","url":"https:\/\/www.angro.nl\/wp-content\/uploads\/2024\/04\/Angro-Party-27-11-194615-scaled.jpg","contentUrl":"https:\/\/www.angro.nl\/wp-content\/uploads\/2024\/04\/Angro-Party-27-11-194615-scaled.jpg","width":1707,"height":2560,"caption":"Gro\u00dfhandel Partyzubeh\u00f6r"},{"@type":"BreadcrumbList","@id":"https:\/\/www.angro.nl\/de\/grosshandel-partyzubehoer\/#breadcrumb","itemListElement":[{"@type":"ListItem","position":1,"name":"Home","item":"https:\/\/www.angro.nl\/de\/"},{"@type":"ListItem","position":2,"name":"Gro\u00dfhandel Partyzubeh\u00f6r"}]},{"@type":"WebSite","@id":"https:\/\/www.angro.nl\/#website","url":"https:\/\/www.angro.nl\/","name":"Angro","description":"More than socks","publisher":{"@id":"https:\/\/www.angro.nl\/#organization"},"alternateName":"More than socks","potentialAction":[{"@type":"SearchAction","target":{"@type":"EntryPoint","urlTemplate":"https:\/\/www.angro.nl\/?s={search_term_string}"},"query-input":{"@type":"PropertyValueSpecification","valueRequired":true,"valueName":"search_term_string"}}],"inLanguage":"de"},{"@type":"Organization","@id":"https:\/\/www.angro.nl\/#organization","name":"Angro","alternateName":"More than socks","url":"https:\/\/www.angro.nl\/","logo":{"@type":"ImageObject","inLanguage":"de","@id":"https:\/\/www.angro.nl\/#\/schema\/logo\/image\/","url":"https:\/\/www.angro.nl\/wp-content\/uploads\/2024\/03\/Logo-ANGRO-e1711621827869.jpg","contentUrl":"https:\/\/www.angro.nl\/wp-content\/uploads\/2024\/03\/Logo-ANGRO-e1711621827869.jpg","width":235,"height":188,"caption":"Angro"},"image":{"@id":"https:\/\/www.angro.nl\/#\/schema\/logo\/image\/"}}]}},"_links":{"self":[{"href":"https:\/\/www.angro.nl\/de\/wp-json\/wp\/v2\/pages\/11992","targetHints":{"allow":["GET"]}}],"collection":[{"href":"https:\/\/www.angro.nl\/de\/wp-json\/wp\/v2\/pages"}],"about":[{"href":"https:\/\/www.angro.nl\/de\/wp-json\/wp\/v2\/types\/page"}],"author":[{"embeddable":true,"href":"https:\/\/www.angro.nl\/de\/wp-json\/wp\/v2\/users\/21"}],"replies":[{"embeddable":true,"href":"https:\/\/www.angro.nl\/de\/wp-json\/wp\/v2\/comments?post=11992"}],"version-history":[{"count":6,"href":"https:\/\/www.angro.nl\/de\/wp-json\/wp\/v2\/pages\/11992\/revisions"}],"predecessor-version":[{"id":14062,"href":"https:\/\/www.angro.nl\/de\/wp-json\/wp\/v2\/pages\/11992\/revisions\/14062"}],"wp:featuredmedia":[{"embeddable":true,"href":"https:\/\/www.angro.nl\/de\/wp-json\/wp\/v2\/media\/11546"}],"wp:attachment":[{"href":"https:\/\/www.angro.nl\/de\/wp-json\/wp\/v2\/media?parent=11992"}],"curies":[{"name":"wp","href":"https:\/\/api.w.org\/{rel}","templated":true}]}}