{"id":1054,"date":"2021-05-07T04:13:33","date_gmt":"2021-05-07T04:13:33","guid":{"rendered":"http:\/\/angrosocks.hashtagconcepts.com\/over-ons\/"},"modified":"2025-01-06T12:44:27","modified_gmt":"2025-01-06T11:44:27","slug":"over-ons","status":"publish","type":"page","link":"https:\/\/www.angro.nl\/de\/over-ons\/","title":{"rendered":"\u00fcber uns"},"content":{"rendered":"<p>Angro ist ein erfolgreiches Familienunternehmen, das 1995 gegr\u00fcndet wurde. Wir sind ein sich entwickelndes und produzierendes Handelsunternehmen, das Einzelh\u00e4ndlern bei der Entwicklung, Produktion und Vermarktung Ihrer eigenen Strumpfmode-Kollektion und weiteren Mode-Accessoires hilft. Von Schijndel aus bieten wir eine umfangreiche Kollektion an, die Ihren Weg zu den Verbrauchern in mehreren L\u00e4ndern Europas findet. Wir haben ein selektives Netzwerk von Produzenten und importieren deren Produkte. Wir liefern ma\u00dfgeschneiderte Produkte und Kollektionen als Teil unserer eigenen Marke sowie f\u00fcr Private Label-Bereich an eine Vielzahl von Kunden, darunter Einzelh\u00e4ndler, Gro\u00dfh\u00e4ndler, Ladenketten und Webshops.<\/p>\n","protected":false},"excerpt":{"rendered":"<p>Angro ist ein erfolgreiches Familienunternehmen, das 1995 gegr\u00fcndet wurde. Wir sind ein sich entwickelndes und produzierendes Handelsunternehmen, das Einzelh\u00e4ndlern bei der Entwicklung, Produktion und Vermarktung Ihrer eigenen Strumpfmode-Kollektion und weiteren Mode-Accessoires hilft. Von Schijndel aus bieten wir eine umfangreiche Kollektion an, die Ihren Weg zu den Verbrauchern in mehreren L\u00e4ndern Europas findet. Wir haben ein&hellip; <a class=\"more-link\" href=\"https:\/\/www.angro.nl\/de\/over-ons\/\"><span class=\"screen-reader-text\">\u00fcber uns<\/span> weiterlesen<\/a><\/p>\n","protected":false},"author":2,"featured_media":12999,"parent":0,"menu_order":0,"comment_status":"closed","ping_status":"closed","template":"templates\/overons_tpl.php","meta":{"_acf_changed":false,"inline_featured_image":false,"footnotes":""},"class_list":["post-1054","page","type-page","status-publish","has-post-thumbnail","hentry","entry"],"acf":[],"yoast_head":"<!-- This site is optimized with the Yoast SEO plugin v27.3 - https:\/\/yoast.com\/product\/yoast-seo-wordpress\/ -->\n<title>\u00fcber uns - Angro B.V.<\/title>\n<meta name=\"robots\" content=\"index, follow, max-snippet:-1, max-image-preview:large, max-video-preview:-1\" \/>\n<link rel=\"canonical\" href=\"https:\/\/www.angro.nl\/de\/over-ons\/\" \/>\n<meta property=\"og:locale\" content=\"de_DE\" \/>\n<meta property=\"og:type\" content=\"article\" \/>\n<meta property=\"og:title\" content=\"\u00fcber uns - Angro B.V.\" \/>\n<meta property=\"og:description\" content=\"Angro ist ein erfolgreiches Familienunternehmen, das 1995 gegr\u00fcndet wurde. Wir sind ein sich entwickelndes und produzierendes Handelsunternehmen, das Einzelh\u00e4ndlern bei der Entwicklung, Produktion und Vermarktung Ihrer eigenen Strumpfmode-Kollektion und weiteren Mode-Accessoires hilft. Von Schijndel aus bieten wir eine umfangreiche Kollektion an, die Ihren Weg zu den Verbrauchern in mehreren L\u00e4ndern Europas findet. Wir haben ein&hellip; \u00fcber uns weiterlesen\" \/>\n<meta property=\"og:url\" content=\"https:\/\/www.angro.nl\/de\/over-ons\/\" \/>\n<meta property=\"og:site_name\" content=\"Angro B.V.\" \/>\n<meta property=\"article:modified_time\" content=\"2025-01-06T11:44:27+00:00\" \/>\n<meta property=\"og:image\" content=\"https:\/\/www.angro.nl\/wp-content\/uploads\/2025\/01\/2O1A1198-scaled-e1735892924101.jpg\" \/>\n\t<meta property=\"og:image:width\" content=\"2560\" \/>\n\t<meta property=\"og:image:height\" content=\"1708\" \/>\n\t<meta property=\"og:image:type\" content=\"image\/jpeg\" \/>\n<meta name=\"twitter:card\" content=\"summary_large_image\" \/>\n<script type=\"application\/ld+json\" class=\"yoast-schema-graph\">{\"@context\":\"https:\\\/\\\/schema.org\",\"@graph\":[{\"@type\":\"WebPage\",\"@id\":\"https:\\\/\\\/www.angro.nl\\\/de\\\/over-ons\\\/\",\"url\":\"https:\\\/\\\/www.angro.nl\\\/de\\\/over-ons\\\/\",\"name\":\"\u00fcber uns - Angro B.V.\",\"isPartOf\":{\"@id\":\"https:\\\/\\\/www.angro.nl\\\/#website\"},\"primaryImageOfPage\":{\"@id\":\"https:\\\/\\\/www.angro.nl\\\/de\\\/over-ons\\\/#primaryimage\"},\"image\":{\"@id\":\"https:\\\/\\\/www.angro.nl\\\/de\\\/over-ons\\\/#primaryimage\"},\"thumbnailUrl\":\"https:\\\/\\\/www.angro.nl\\\/wp-content\\\/uploads\\\/2025\\\/01\\\/2O1A1198-scaled-e1735892924101.jpg\",\"datePublished\":\"2021-05-07T04:13:33+00:00\",\"dateModified\":\"2025-01-06T11:44:27+00:00\",\"breadcrumb\":{\"@id\":\"https:\\\/\\\/www.angro.nl\\\/de\\\/over-ons\\\/#breadcrumb\"},\"inLanguage\":\"de\",\"potentialAction\":[{\"@type\":\"ReadAction\",\"target\":[\"https:\\\/\\\/www.angro.nl\\\/de\\\/over-ons\\\/\"]}]},{\"@type\":\"ImageObject\",\"inLanguage\":\"de\",\"@id\":\"https:\\\/\\\/www.angro.nl\\\/de\\\/over-ons\\\/#primaryimage\",\"url\":\"https:\\\/\\\/www.angro.nl\\\/wp-content\\\/uploads\\\/2025\\\/01\\\/2O1A1198-scaled-e1735892924101.jpg\",\"contentUrl\":\"https:\\\/\\\/www.angro.nl\\\/wp-content\\\/uploads\\\/2025\\\/01\\\/2O1A1198-scaled-e1735892924101.jpg\",\"width\":2560,\"height\":1708},{\"@type\":\"BreadcrumbList\",\"@id\":\"https:\\\/\\\/www.angro.nl\\\/de\\\/over-ons\\\/#breadcrumb\",\"itemListElement\":[{\"@type\":\"ListItem\",\"position\":1,\"name\":\"Home\",\"item\":\"https:\\\/\\\/www.angro.nl\\\/de\\\/\"},{\"@type\":\"ListItem\",\"position\":2,\"name\":\"\u00fcber uns\"}]},{\"@type\":\"WebSite\",\"@id\":\"https:\\\/\\\/www.angro.nl\\\/#website\",\"url\":\"https:\\\/\\\/www.angro.nl\\\/\",\"name\":\"Angro\",\"description\":\"More than socks\",\"publisher\":{\"@id\":\"https:\\\/\\\/www.angro.nl\\\/#organization\"},\"alternateName\":\"More than socks\",\"potentialAction\":[{\"@type\":\"SearchAction\",\"target\":{\"@type\":\"EntryPoint\",\"urlTemplate\":\"https:\\\/\\\/www.angro.nl\\\/?s={search_term_string}\"},\"query-input\":{\"@type\":\"PropertyValueSpecification\",\"valueRequired\":true,\"valueName\":\"search_term_string\"}}],\"inLanguage\":\"de\"},{\"@type\":\"Organization\",\"@id\":\"https:\\\/\\\/www.angro.nl\\\/#organization\",\"name\":\"Angro\",\"alternateName\":\"More than socks\",\"url\":\"https:\\\/\\\/www.angro.nl\\\/\",\"logo\":{\"@type\":\"ImageObject\",\"inLanguage\":\"de\",\"@id\":\"https:\\\/\\\/www.angro.nl\\\/#\\\/schema\\\/logo\\\/image\\\/\",\"url\":\"https:\\\/\\\/www.angro.nl\\\/wp-content\\\/uploads\\\/2024\\\/03\\\/Logo-ANGRO-e1711621827869.jpg\",\"contentUrl\":\"https:\\\/\\\/www.angro.nl\\\/wp-content\\\/uploads\\\/2024\\\/03\\\/Logo-ANGRO-e1711621827869.jpg\",\"width\":235,\"height\":188,\"caption\":\"Angro\"},\"image\":{\"@id\":\"https:\\\/\\\/www.angro.nl\\\/#\\\/schema\\\/logo\\\/image\\\/\"}}]}<\/script>\n<!-- \/ Yoast SEO plugin. -->","yoast_head_json":{"title":"\u00fcber uns - Angro B.V.","robots":{"index":"index","follow":"follow","max-snippet":"max-snippet:-1","max-image-preview":"max-image-preview:large","max-video-preview":"max-video-preview:-1"},"canonical":"https:\/\/www.angro.nl\/de\/over-ons\/","og_locale":"de_DE","og_type":"article","og_title":"\u00fcber uns - Angro B.V.","og_description":"Angro ist ein erfolgreiches Familienunternehmen, das 1995 gegr\u00fcndet wurde. Wir sind ein sich entwickelndes und produzierendes Handelsunternehmen, das Einzelh\u00e4ndlern bei der Entwicklung, Produktion und Vermarktung Ihrer eigenen Strumpfmode-Kollektion und weiteren Mode-Accessoires hilft. Von Schijndel aus bieten wir eine umfangreiche Kollektion an, die Ihren Weg zu den Verbrauchern in mehreren L\u00e4ndern Europas findet. Wir haben ein&hellip; \u00fcber uns weiterlesen","og_url":"https:\/\/www.angro.nl\/de\/over-ons\/","og_site_name":"Angro B.V.","article_modified_time":"2025-01-06T11:44:27+00:00","og_image":[{"width":2560,"height":1708,"url":"https:\/\/www.angro.nl\/wp-content\/uploads\/2025\/01\/2O1A1198-scaled-e1735892924101.jpg","type":"image\/jpeg"}],"twitter_card":"summary_large_image","schema":{"@context":"https:\/\/schema.org","@graph":[{"@type":"WebPage","@id":"https:\/\/www.angro.nl\/de\/over-ons\/","url":"https:\/\/www.angro.nl\/de\/over-ons\/","name":"\u00fcber uns - Angro B.V.","isPartOf":{"@id":"https:\/\/www.angro.nl\/#website"},"primaryImageOfPage":{"@id":"https:\/\/www.angro.nl\/de\/over-ons\/#primaryimage"},"image":{"@id":"https:\/\/www.angro.nl\/de\/over-ons\/#primaryimage"},"thumbnailUrl":"https:\/\/www.angro.nl\/wp-content\/uploads\/2025\/01\/2O1A1198-scaled-e1735892924101.jpg","datePublished":"2021-05-07T04:13:33+00:00","dateModified":"2025-01-06T11:44:27+00:00","breadcrumb":{"@id":"https:\/\/www.angro.nl\/de\/over-ons\/#breadcrumb"},"inLanguage":"de","potentialAction":[{"@type":"ReadAction","target":["https:\/\/www.angro.nl\/de\/over-ons\/"]}]},{"@type":"ImageObject","inLanguage":"de","@id":"https:\/\/www.angro.nl\/de\/over-ons\/#primaryimage","url":"https:\/\/www.angro.nl\/wp-content\/uploads\/2025\/01\/2O1A1198-scaled-e1735892924101.jpg","contentUrl":"https:\/\/www.angro.nl\/wp-content\/uploads\/2025\/01\/2O1A1198-scaled-e1735892924101.jpg","width":2560,"height":1708},{"@type":"BreadcrumbList","@id":"https:\/\/www.angro.nl\/de\/over-ons\/#breadcrumb","itemListElement":[{"@type":"ListItem","position":1,"name":"Home","item":"https:\/\/www.angro.nl\/de\/"},{"@type":"ListItem","position":2,"name":"\u00fcber uns"}]},{"@type":"WebSite","@id":"https:\/\/www.angro.nl\/#website","url":"https:\/\/www.angro.nl\/","name":"Angro","description":"More than socks","publisher":{"@id":"https:\/\/www.angro.nl\/#organization"},"alternateName":"More than socks","potentialAction":[{"@type":"SearchAction","target":{"@type":"EntryPoint","urlTemplate":"https:\/\/www.angro.nl\/?s={search_term_string}"},"query-input":{"@type":"PropertyValueSpecification","valueRequired":true,"valueName":"search_term_string"}}],"inLanguage":"de"},{"@type":"Organization","@id":"https:\/\/www.angro.nl\/#organization","name":"Angro","alternateName":"More than socks","url":"https:\/\/www.angro.nl\/","logo":{"@type":"ImageObject","inLanguage":"de","@id":"https:\/\/www.angro.nl\/#\/schema\/logo\/image\/","url":"https:\/\/www.angro.nl\/wp-content\/uploads\/2024\/03\/Logo-ANGRO-e1711621827869.jpg","contentUrl":"https:\/\/www.angro.nl\/wp-content\/uploads\/2024\/03\/Logo-ANGRO-e1711621827869.jpg","width":235,"height":188,"caption":"Angro"},"image":{"@id":"https:\/\/www.angro.nl\/#\/schema\/logo\/image\/"}}]}},"_links":{"self":[{"href":"https:\/\/www.angro.nl\/de\/wp-json\/wp\/v2\/pages\/1054","targetHints":{"allow":["GET"]}}],"collection":[{"href":"https:\/\/www.angro.nl\/de\/wp-json\/wp\/v2\/pages"}],"about":[{"href":"https:\/\/www.angro.nl\/de\/wp-json\/wp\/v2\/types\/page"}],"author":[{"embeddable":true,"href":"https:\/\/www.angro.nl\/de\/wp-json\/wp\/v2\/users\/2"}],"replies":[{"embeddable":true,"href":"https:\/\/www.angro.nl\/de\/wp-json\/wp\/v2\/comments?post=1054"}],"version-history":[{"count":21,"href":"https:\/\/www.angro.nl\/de\/wp-json\/wp\/v2\/pages\/1054\/revisions"}],"predecessor-version":[{"id":13155,"href":"https:\/\/www.angro.nl\/de\/wp-json\/wp\/v2\/pages\/1054\/revisions\/13155"}],"wp:featuredmedia":[{"embeddable":true,"href":"https:\/\/www.angro.nl\/de\/wp-json\/wp\/v2\/media\/12999"}],"wp:attachment":[{"href":"https:\/\/www.angro.nl\/de\/wp-json\/wp\/v2\/media?parent=1054"}],"curies":[{"name":"wp","href":"https:\/\/api.w.org\/{rel}","templated":true}]}}